{"id":1052,"date":"2021-10-31T17:32:42","date_gmt":"2021-10-31T16:32:42","guid":{"rendered":"http:\/\/www.soledpro.cz\/?page_id=1052"},"modified":"2021-10-31T17:32:42","modified_gmt":"2021-10-31T16:32:42","slug":"mobile-device-manager-plus","status":"publish","type":"page","link":"https:\/\/www.soledpro.cz\/de\/kyberneticka-bezpecnost\/manage-engine\/produkty-uem\/mobile-device-manager-plus\/","title":{"rendered":"Mobile Device Manager Plus"},"content":{"rendered":"<h3 class=\"wp-block-heading\">Die Anwendung optimiert die Implementierung von Verwaltungsaufgaben f\u00fcr mobile Ger\u00e4te.<\/h3>\n\n\n\n<p>Die Nutzung der Anwendung ist sowohl in der regul\u00e4ren Version als auch im MSP, in der Cloud und lokal m\u00f6glich. Mobile Device Manager Plus erm\u00f6glicht die Konfiguration von Tablets und Smartphones von einem zentralen Ort aus. Die Software reagiert auf die immer gr\u00f6\u00dfer werdende Zahl mobiler Ger\u00e4tenutzer, die eine immer gr\u00f6\u00dfere Gefahr f\u00fcr Unternehmen darstellen, da sich auf diesen Ger\u00e4ten auch sensible Unternehmensdaten befinden. Durch Ger\u00e4tediebstahl kann ein Unternehmen einem Datenverlust und den damit verbundenen Folgen ausgesetzt sein. Unter diesen Umst\u00e4nden sollte Mobile Device Manager Plus keine Option, sondern eine Notwendigkeit sein. Die Erstellung von Sicherheitsrichtlinien, die Einf\u00fchrung mobiler Anwendungen, Updates, Geolokalisierung und Einschr\u00e4nkungen sowohl auf Android- als auch auf iOS-Ger\u00e4ten sind die grundlegenden Aufgaben, die mit Hilfe der von ManageEngine angebotenen L\u00f6sung umgesetzt werden.<\/p>\n\n\n\n<div style=\"height:64px\" aria-hidden=\"true\" class=\"wp-block-spacer\"><\/div>\n\n\n\n<h2 class=\"wp-block-heading\">VORTEILE<\/h2>\n\n\n\n<ul class=\"wp-block-list\"><li>Datenschutz auf mobilen Ger\u00e4ten<\/li><li>vollst\u00e4ndige Kontrolle \u00fcber die mobilen Ger\u00e4te Ihres Unternehmens<\/li><li>die M\u00f6glichkeit des Schutzes vor den Folgen des Diebstahls mobiler Ger\u00e4te<\/li><li>Bei einigen Typen besteht die M\u00f6glichkeit, Remote-Sitzungen durchzuf\u00fchren<\/li><\/ul>\n\n\n\n<div style=\"height:64px\" aria-hidden=\"true\" class=\"wp-block-spacer\"><\/div>\n\n\n\n<h2 class=\"wp-block-heading\">MERKMALE<\/h2>\n\n\n\n<div class=\"wp-block-columns is-layout-flex wp-container-core-columns-is-layout-28f84493 wp-block-columns-is-layout-flex\">\n<div class=\"wp-block-column is-layout-flow wp-block-column-is-layout-flow\">\n<h3 class=\"wp-block-heading\">Vollst\u00e4ndige Verwaltung mobiler Ger\u00e4te.<\/h3>\n\n\n\n<p>Das Spektrum der unterst\u00fctzten Ger\u00e4te umfasst Smartphones, Tablets, Laptops und Desktops. Die von der App unterst\u00fctzten Systeme sind unter anderem iOS, Android, Windows, macOS und Chrome OS. Die Konfiguration ist intuitiv, der t\u00e4gliche Verwaltungsdienst wird durch interaktive Dashboards unterst\u00fctzt, die sofort nach der Anmeldung beim Mobile Device Manager Plus sichtbar sind. Ohne die Notwendigkeit, Daten zu melden, erh\u00e4lt der Benutzer Zugriff auf Informationen \u00fcber aktuelle Probleme sowie \u00fcber den Zustand und die Verwendungsweise des Ger\u00e4ts.<\/p>\n<\/div>\n\n\n\n<div class=\"wp-block-column is-layout-flow wp-block-column-is-layout-flow\">\n<figure class=\"wp-block-image size-full\"><a href=\"http:\/\/www.soledpro.cz\/wp-content\/uploads\/2021\/10\/Pelne-zarzadzanie-urzadzeniami-mobilnymi-1024x500-1.webp\"><img fetchpriority=\"high\" decoding=\"async\" width=\"1024\" height=\"500\" src=\"http:\/\/www.soledpro.cz\/wp-content\/uploads\/2021\/10\/Pelne-zarzadzanie-urzadzeniami-mobilnymi-1024x500-1.webp\" alt=\"\" class=\"wp-image-1053\" srcset=\"https:\/\/www.soledpro.cz\/wp-content\/uploads\/2021\/10\/Pelne-zarzadzanie-urzadzeniami-mobilnymi-1024x500-1.webp 1024w, https:\/\/www.soledpro.cz\/wp-content\/uploads\/2021\/10\/Pelne-zarzadzanie-urzadzeniami-mobilnymi-1024x500-1-300x146.webp 300w, https:\/\/www.soledpro.cz\/wp-content\/uploads\/2021\/10\/Pelne-zarzadzanie-urzadzeniami-mobilnymi-1024x500-1-768x375.webp 768w\" sizes=\"(max-width: 1024px) 100vw, 1024px\" \/><\/a><\/figure>\n<\/div>\n<\/div>\n\n\n\n<div style=\"height:64px\" aria-hidden=\"true\" class=\"wp-block-spacer\"><\/div>\n\n\n\n<div class=\"wp-block-columns is-layout-flex wp-container-core-columns-is-layout-28f84493 wp-block-columns-is-layout-flex\">\n<div class=\"wp-block-column is-layout-flow wp-block-column-is-layout-flow\">\n<figure class=\"wp-block-image size-full\"><a href=\"http:\/\/www.soledpro.cz\/wp-content\/uploads\/2021\/10\/Dystrybucja-aplikacji-do-wielu-urzadzen-jednoczesnie-z-mozliwoscia-instalacji-w-wybranych-grupach-1024x500-1.webp\"><img decoding=\"async\" width=\"1024\" height=\"500\" src=\"http:\/\/www.soledpro.cz\/wp-content\/uploads\/2021\/10\/Dystrybucja-aplikacji-do-wielu-urzadzen-jednoczesnie-z-mozliwoscia-instalacji-w-wybranych-grupach-1024x500-1.webp\" alt=\"\" class=\"wp-image-1054\" srcset=\"https:\/\/www.soledpro.cz\/wp-content\/uploads\/2021\/10\/Dystrybucja-aplikacji-do-wielu-urzadzen-jednoczesnie-z-mozliwoscia-instalacji-w-wybranych-grupach-1024x500-1.webp 1024w, https:\/\/www.soledpro.cz\/wp-content\/uploads\/2021\/10\/Dystrybucja-aplikacji-do-wielu-urzadzen-jednoczesnie-z-mozliwoscia-instalacji-w-wybranych-grupach-1024x500-1-300x146.webp 300w, https:\/\/www.soledpro.cz\/wp-content\/uploads\/2021\/10\/Dystrybucja-aplikacji-do-wielu-urzadzen-jednoczesnie-z-mozliwoscia-instalacji-w-wybranych-grupach-1024x500-1-768x375.webp 768w\" sizes=\"(max-width: 1024px) 100vw, 1024px\" \/><\/a><\/figure>\n<\/div>\n\n\n\n<div class=\"wp-block-column is-layout-flow wp-block-column-is-layout-flow\">\n<h3 class=\"wp-block-heading\">Verteilung der Anwendung auf viele Ger\u00e4te gleichzeitig, mit der M\u00f6glichkeit der Installation in ausgew\u00e4hlten Gruppen.<\/h3>\n\n\n\n<p>Dieses mobile Ger\u00e4teverwaltungssystem informiert kontinuierlich \u00fcber den Erfolg der durchgef\u00fchrten Aktion in Bezug auf jede Ressource, sodass der Prozess bei Synchronisierungsproblemen neu gestartet werden kann. Die Funktion ist nicht auf Anwendungen beschr\u00e4nkt, die beispielsweise bei Google Play oder im App Store verf\u00fcgbar sind. Wenn Sie \u00fcber eine eigene Software verf\u00fcgen, kann diese in den MDM-Server importiert und dann verteilt werden.<\/p>\n<\/div>\n<\/div>\n\n\n\n<div style=\"height:64px\" aria-hidden=\"true\" class=\"wp-block-spacer\"><\/div>\n\n\n\n<div class=\"wp-block-columns is-layout-flex wp-container-core-columns-is-layout-28f84493 wp-block-columns-is-layout-flex\">\n<div class=\"wp-block-column is-layout-flow wp-block-column-is-layout-flow\">\n<h3 class=\"wp-block-heading\">Verteilen Sie Gesch\u00e4ftsdokumente an Endbenutzerger\u00e4te, um den Informationsaustausch effizienter zu gestalten.<\/h3>\n\n\n\n<p>Mit dem Mobilger\u00e4te-Verwaltungssystem k\u00f6nnen Sie au\u00dferdem Fotos, Videos und Audiodateien mit einer Gr\u00f6\u00dfe von bis zu 1 GB importieren, denen zur einfacheren Daten\u00fcberpr\u00fcfung eine Beschreibung hinzugef\u00fcgt wird. Dokumente k\u00f6nnen an ausgew\u00e4hlte Ger\u00e4te oder ganze Ger\u00e4tegruppen versendet werden mit der M\u00f6glichkeit einer detaillierteren Auswahl hinsichtlich Plattform (Apple, Android, Windows) oder Typ (Smartphone, Tablet, Laptop, Desktop-Computer, TV).<\/p>\n<\/div>\n\n\n\n<div class=\"wp-block-column is-layout-flow wp-block-column-is-layout-flow\">\n<figure class=\"wp-block-image size-full\"><a href=\"http:\/\/www.soledpro.cz\/wp-content\/uploads\/2021\/10\/Dystrybucja-dokumentow-biznesowych-do-urzadzen-uzytkownikow-koncowych-w-celu-sprawniejszego-wspoldzielenia-informacji-1024x501-1.webp\"><img decoding=\"async\" width=\"1024\" height=\"501\" src=\"http:\/\/www.soledpro.cz\/wp-content\/uploads\/2021\/10\/Dystrybucja-dokumentow-biznesowych-do-urzadzen-uzytkownikow-koncowych-w-celu-sprawniejszego-wspoldzielenia-informacji-1024x501-1.webp\" alt=\"\" class=\"wp-image-1055\" srcset=\"https:\/\/www.soledpro.cz\/wp-content\/uploads\/2021\/10\/Dystrybucja-dokumentow-biznesowych-do-urzadzen-uzytkownikow-koncowych-w-celu-sprawniejszego-wspoldzielenia-informacji-1024x501-1.webp 1024w, https:\/\/www.soledpro.cz\/wp-content\/uploads\/2021\/10\/Dystrybucja-dokumentow-biznesowych-do-urzadzen-uzytkownikow-koncowych-w-celu-sprawniejszego-wspoldzielenia-informacji-1024x501-1-300x147.webp 300w, https:\/\/www.soledpro.cz\/wp-content\/uploads\/2021\/10\/Dystrybucja-dokumentow-biznesowych-do-urzadzen-uzytkownikow-koncowych-w-celu-sprawniejszego-wspoldzielenia-informacji-1024x501-1-768x376.webp 768w\" sizes=\"(max-width: 1024px) 100vw, 1024px\" \/><\/a><\/figure>\n<\/div>\n<\/div>\n\n\n\n<div style=\"height:64px\" aria-hidden=\"true\" class=\"wp-block-spacer\"><\/div>\n\n\n\n<div class=\"wp-block-columns is-layout-flex wp-container-core-columns-is-layout-28f84493 wp-block-columns-is-layout-flex\">\n<div class=\"wp-block-column is-layout-flow wp-block-column-is-layout-flow\">\n<figure class=\"wp-block-image size-full\"><a href=\"http:\/\/www.soledpro.cz\/wp-content\/uploads\/2021\/10\/Tworzenie-rozbudowanych-polityk-bezpieczenstwa-w-zaleznosci-od-restrykcji-panujacych-w-organizacji-1024x500-1.webp\"><img loading=\"lazy\" decoding=\"async\" width=\"1024\" height=\"500\" src=\"http:\/\/www.soledpro.cz\/wp-content\/uploads\/2021\/10\/Tworzenie-rozbudowanych-polityk-bezpieczenstwa-w-zaleznosci-od-restrykcji-panujacych-w-organizacji-1024x500-1.webp\" alt=\"\" class=\"wp-image-1056\" srcset=\"https:\/\/www.soledpro.cz\/wp-content\/uploads\/2021\/10\/Tworzenie-rozbudowanych-polityk-bezpieczenstwa-w-zaleznosci-od-restrykcji-panujacych-w-organizacji-1024x500-1.webp 1024w, https:\/\/www.soledpro.cz\/wp-content\/uploads\/2021\/10\/Tworzenie-rozbudowanych-polityk-bezpieczenstwa-w-zaleznosci-od-restrykcji-panujacych-w-organizacji-1024x500-1-300x146.webp 300w, https:\/\/www.soledpro.cz\/wp-content\/uploads\/2021\/10\/Tworzenie-rozbudowanych-polityk-bezpieczenstwa-w-zaleznosci-od-restrykcji-panujacych-w-organizacji-1024x500-1-768x375.webp 768w\" sizes=\"(max-width: 1024px) 100vw, 1024px\" \/><\/a><\/figure>\n<\/div>\n\n\n\n<div class=\"wp-block-column is-layout-flow wp-block-column-is-layout-flow\">\n<h3 class=\"wp-block-heading\">Erstellung ausgefeilter Sicherheitsrichtlinien unter Ber\u00fccksichtigung der Sicherheitsrichtlinien der Organisation.<\/h3>\n\n\n\n<p>Das Tool erm\u00f6glicht die Konfiguration von Profilen sowie die M\u00f6glichkeit, \u00fcber jede Funktion des Ger\u00e4ts zu entscheiden und das erstellte Profil anschlie\u00dfend ganzen Ger\u00e4tegruppen zuzuweisen. Der Administrator kann unter anderem \u00fcber biometrische Entsperrmethoden, WLAN, VPN, E-Mail, Exchange ActiveSync, EFRP entscheiden, die M\u00f6glichkeit eines Zur\u00fccksetzens auf die Werkseinstellungen blockieren, die M\u00f6glichkeit der Nutzung von YouTube, Gmail und vielen anderen Konfigurationen blockieren.<\/p>\n<\/div>\n<\/div>\n\n\n\n<div style=\"height:64px\" aria-hidden=\"true\" class=\"wp-block-spacer\"><\/div>\n\n\n\n<div class=\"wp-block-columns is-layout-flex wp-container-core-columns-is-layout-28f84493 wp-block-columns-is-layout-flex\">\n<div class=\"wp-block-column is-layout-flow wp-block-column-is-layout-flow\">\n<h3 class=\"wp-block-heading\">Bildung von Benutzergruppen mit der M\u00f6glichkeit der Ger\u00e4tezuordnung.<\/h3>\n\n\n\n<p>Die Funktion ist besonders wichtig, wenn unterschiedliche Sicherheitsrichtlinien f\u00fcr verschiedene Unternehmen\/Abteilungen einer Organisation gelten. Die transparente Partitionierung erm\u00f6glicht au\u00dferdem eine schnellere Ressourcenerkennung sowie eine detailliertere Filterung, z. B. nach Benutzername, E-Mail-Adresse, Ger\u00e4tename, Typ, Modell, verf\u00fcgbarer Softwareversion und Seriennummer \u2013 der Hauptkennung der Ressource.<\/p>\n<\/div>\n\n\n\n<div class=\"wp-block-column is-layout-flow wp-block-column-is-layout-flow\">\n<figure class=\"wp-block-image size-full\"><a href=\"http:\/\/www.soledpro.cz\/wp-content\/uploads\/2021\/10\/Tworzenie-grup-uzytkownikow-z-mozliwoscia-przypisywania-urzadzen-1024x500-1.webp\"><img loading=\"lazy\" decoding=\"async\" width=\"1024\" height=\"500\" src=\"http:\/\/www.soledpro.cz\/wp-content\/uploads\/2021\/10\/Tworzenie-grup-uzytkownikow-z-mozliwoscia-przypisywania-urzadzen-1024x500-1.webp\" alt=\"\" class=\"wp-image-1057\" srcset=\"https:\/\/www.soledpro.cz\/wp-content\/uploads\/2021\/10\/Tworzenie-grup-uzytkownikow-z-mozliwoscia-przypisywania-urzadzen-1024x500-1.webp 1024w, https:\/\/www.soledpro.cz\/wp-content\/uploads\/2021\/10\/Tworzenie-grup-uzytkownikow-z-mozliwoscia-przypisywania-urzadzen-1024x500-1-300x146.webp 300w, https:\/\/www.soledpro.cz\/wp-content\/uploads\/2021\/10\/Tworzenie-grup-uzytkownikow-z-mozliwoscia-przypisywania-urzadzen-1024x500-1-768x375.webp 768w\" sizes=\"(max-width: 1024px) 100vw, 1024px\" \/><\/a><\/figure>\n<\/div>\n<\/div>\n\n\n\n<div style=\"height:64px\" aria-hidden=\"true\" class=\"wp-block-spacer\"><\/div>\n\n\n\n<div class=\"wp-block-columns is-layout-flex wp-container-core-columns-is-layout-28f84493 wp-block-columns-is-layout-flex\">\n<div class=\"wp-block-column is-layout-flow wp-block-column-is-layout-flow\">\n<figure class=\"wp-block-image size-full\"><a href=\"http:\/\/www.soledpro.cz\/wp-content\/uploads\/2021\/10\/Audyt-urzadzen-mobilnych-dzieki-dostepnym-raportom-z-mozliwoscia-cyklicznego-powiadamiania-wskazanych-adresow-e-mail-1024x501-1.webp\"><img loading=\"lazy\" decoding=\"async\" width=\"1024\" height=\"501\" src=\"http:\/\/www.soledpro.cz\/wp-content\/uploads\/2021\/10\/Audyt-urzadzen-mobilnych-dzieki-dostepnym-raportom-z-mozliwoscia-cyklicznego-powiadamiania-wskazanych-adresow-e-mail-1024x501-1.webp\" alt=\"\" class=\"wp-image-1058\" srcset=\"https:\/\/www.soledpro.cz\/wp-content\/uploads\/2021\/10\/Audyt-urzadzen-mobilnych-dzieki-dostepnym-raportom-z-mozliwoscia-cyklicznego-powiadamiania-wskazanych-adresow-e-mail-1024x501-1.webp 1024w, https:\/\/www.soledpro.cz\/wp-content\/uploads\/2021\/10\/Audyt-urzadzen-mobilnych-dzieki-dostepnym-raportom-z-mozliwoscia-cyklicznego-powiadamiania-wskazanych-adresow-e-mail-1024x501-1-300x147.webp 300w, https:\/\/www.soledpro.cz\/wp-content\/uploads\/2021\/10\/Audyt-urzadzen-mobilnych-dzieki-dostepnym-raportom-z-mozliwoscia-cyklicznego-powiadamiania-wskazanych-adresow-e-mail-1024x501-1-768x376.webp 768w\" sizes=\"(max-width: 1024px) 100vw, 1024px\" \/><\/a><\/figure>\n<\/div>\n\n\n\n<div class=\"wp-block-column is-layout-flow wp-block-column-is-layout-flow\">\n<h3 class=\"wp-block-heading\">Pr\u00fcfung mobiler Ger\u00e4te dank Berichten, die eine regelm\u00e4\u00dfige Benachrichtigung der angegebenen E-Mail-Adressen erm\u00f6glichen.<\/h3>\n\n\n\n<p>Berichte k\u00f6nnen als PDF-, XLSX-, CSV- oder ZIP-Archive versendet werden. Bei einer gro\u00dfen Gr\u00f6\u00dfe (z. B. nach \u00dcberschreitung von 5 MB) besteht die M\u00f6glichkeit, die Daten automatisch auf dem Mobile Device Manager Plus-Server zu ver\u00f6ffentlichen und eine Benachrichtigung zusammen mit dem entsprechenden Link zu versenden, der den Zugriff auf den Bericht erm\u00f6glicht. Die Periodizit\u00e4t kann mit einem 24-Stunden-, Wochen- oder Monatsintervall konfiguriert werden.<\/p>\n<\/div>\n<\/div>\n\n\n\n<div style=\"height:64px\" aria-hidden=\"true\" class=\"wp-block-spacer\"><\/div>\n\n\n\n<h3 class=\"has-text-align-center wp-block-heading\">Interessieren Sie sich f\u00fcr Systeme, die mit Mobile Device Manager Plus kompatibel sind?<\/h3>\n\n\n\n<p class=\"has-text-align-center\">Sehen Sie sich das an:<\/p>\n\n\n\n<h4 class=\"has-text-align-center wp-block-heading\">Helpdesk-System ServiceDesk Plus,<\/h4>\n\n\n\n<h4 class=\"has-text-align-center wp-block-heading\">AssetExplorer IT-Ressourcenmanagement-System.<\/h4>\n\n\n\n<div style=\"height:100px\" aria-hidden=\"true\" class=\"wp-block-spacer\"><\/div>","protected":false},"excerpt":{"rendered":"<p>Aplikace zefektiv\u0148uje realizaci \u00fakol\u016f spr\u00e1vy mobiln\u00edch za\u0159\u00edzen\u00ed. Pou\u017e\u00edv\u00e1n\u00ed aplikace je dostupn\u00e9 jak v b\u011b\u017en\u00e9 verzi, tak i MSP, v cloudu a lok\u00e1ln\u011b. Mobile Device Manager Plus umo\u017e\u0148uje konfiguraci tablet\u016f a smartphon\u016f z centr\u00e1ln\u00ed lokalizace. Software reaguje na neust\u00e1le rostouc\u00ed po\u010det u\u017eivatel\u016f mobiln\u00edch za\u0159\u00edzen\u00ed, kter\u00fd p\u0159edstavuje \u010d\u00edm d\u00e1l v\u011bt\u0161\u00ed nebezpe\u010d\u00ed pro spole\u010dnosti, proto\u017ee se i na [&hellip;]<\/p>","protected":false},"author":1,"featured_media":0,"parent":714,"menu_order":0,"comment_status":"closed","ping_status":"closed","template":"","meta":{"footnotes":""},"class_list":["post-1052","page","type-page","status-publish","hentry"],"_links":{"self":[{"href":"https:\/\/www.soledpro.cz\/de\/wp-json\/wp\/v2\/pages\/1052","targetHints":{"allow":["GET"]}}],"collection":[{"href":"https:\/\/www.soledpro.cz\/de\/wp-json\/wp\/v2\/pages"}],"about":[{"href":"https:\/\/www.soledpro.cz\/de\/wp-json\/wp\/v2\/types\/page"}],"author":[{"embeddable":true,"href":"https:\/\/www.soledpro.cz\/de\/wp-json\/wp\/v2\/users\/1"}],"replies":[{"embeddable":true,"href":"https:\/\/www.soledpro.cz\/de\/wp-json\/wp\/v2\/comments?post=1052"}],"version-history":[{"count":1,"href":"https:\/\/www.soledpro.cz\/de\/wp-json\/wp\/v2\/pages\/1052\/revisions"}],"predecessor-version":[{"id":1059,"href":"https:\/\/www.soledpro.cz\/de\/wp-json\/wp\/v2\/pages\/1052\/revisions\/1059"}],"up":[{"embeddable":true,"href":"https:\/\/www.soledpro.cz\/de\/wp-json\/wp\/v2\/pages\/714"}],"wp:attachment":[{"href":"https:\/\/www.soledpro.cz\/de\/wp-json\/wp\/v2\/media?parent=1052"}],"curies":[{"name":"wp","href":"https:\/\/api.w.org\/{rel}","templated":true}]}}