{"id":1044,"date":"2021-10-31T17:24:35","date_gmt":"2021-10-31T16:24:35","guid":{"rendered":"http:\/\/www.soledpro.cz\/?page_id=1044"},"modified":"2021-10-31T17:24:36","modified_gmt":"2021-10-31T16:24:36","slug":"device-control-plus","status":"publish","type":"page","link":"https:\/\/www.soledpro.cz\/de\/kyberneticka-bezpecnost\/manage-engine\/produkty-uem\/device-control-plus\/","title":{"rendered":"Device Control Plus"},"content":{"rendered":"<h3 class=\"wp-block-heading\">Ein DLP-Tool (Data Loss Prevention), das das Unternehmen vor Datenlecks sch\u00fctzt.<\/h3>\n\n\n\n<p>Mit Device Control Plus k\u00f6nnen Sie tragbare Ger\u00e4te, die \u00fcber den USB-Anschluss angeschlossen sind, und andere Peripherieger\u00e4te steuern, blockieren und \u00fcberwachen. Dieses fortschrittliche Ger\u00e4te-Port-Management sch\u00fctzt vor unbefugtem Zugriff auf die sensiblen Daten eines Unternehmens. Die Anwendung hilft dabei, bestimmte Regeln festzulegen, die wir dann bestimmten Ger\u00e4tegruppen zuordnen. Wir k\u00f6nnen festlegen, ob der angegebene Port aktiviert, blockiert oder auch nur zum Lesen von Daten verwendet werden soll. Erg\u00e4nzt wird das Ganze durch ein Berichtsmodul zum Extrahieren von Archivdaten und zur detaillierten Analyse von \u00c4nderungen, die auf den Ger\u00e4ten der Benutzer vorgenommen wurden. Device Control Plus unterst\u00fctzt au\u00dferdem die erweiterte Filterung verf\u00fcgbarer Ger\u00e4te, sodass die Quelle anhand spezifischer Daten wie der IP-Adresse gefunden werden kann.<\/p>\n\n\n\n<div style=\"height:64px\" aria-hidden=\"true\" class=\"wp-block-spacer\"><\/div>\n\n\n\n<h2 class=\"wp-block-heading\">VORTEILE<\/h2>\n\n\n\n<ul class=\"wp-block-list\"><li>Datenschutz vor Diebstahl<\/li><li>ungest\u00f6rte Kontrolle \u00fcber das Ger\u00e4t<\/li><li>\u00dcberwachung von Versuchen, sich unbefugten Zugriff zu verschaffen<\/li><li>Gro\u00dfe Auswahl an unterst\u00fctzten Ger\u00e4ten<\/li><\/ul>\n\n\n\n<div style=\"height:64px\" aria-hidden=\"true\" class=\"wp-block-spacer\"><\/div>\n\n\n\n<h2 class=\"wp-block-heading\">MERKMALE<\/h2>\n\n\n\n<div class=\"wp-block-columns is-layout-flex wp-container-core-columns-is-layout-28f84493 wp-block-columns-is-layout-flex\">\n<div class=\"wp-block-column is-layout-flow wp-block-column-is-layout-flow\">\n<h3 class=\"wp-block-heading\">Erweiterte Ger\u00e4teportverwaltung, die bestimmten Zubeh\u00f6rteilen den Zugriff auf die Workstation erm\u00f6glicht.<\/h3>\n\n\n\n<p>Das Anschlie\u00dfen nicht autorisierter Quellen wie eines Flash-Laufwerks oder einer Festplatte kann schwerwiegende Folgen haben. Von der Datenl\u00f6schung \u00fcber Datendiebstahl bis hin zum Ger\u00e4te-Hacking. Das System bietet uns die M\u00f6glichkeit, uns vor solchen Situationen zu sch\u00fctzen, indem es die M\u00f6glichkeit bietet, Ports zu blockieren oder sie f\u00fcr bestimmte Ger\u00e4tetypen verf\u00fcgbar zu machen.<\/p>\n<\/div>\n\n\n\n<div class=\"wp-block-column is-layout-flow wp-block-column-is-layout-flow\">\n<figure class=\"wp-block-image size-full\"><a href=\"http:\/\/www.soledpro.cz\/wp-content\/uploads\/2021\/10\/Zaawansowane-zarzadzanie-portami-urzadzen-umozliwiajace-dostep-do-stacji-roboczej-scisle-okreslonym-akcesoriom-1024x500-1.webp\"><img fetchpriority=\"high\" decoding=\"async\" width=\"1024\" height=\"500\" src=\"http:\/\/www.soledpro.cz\/wp-content\/uploads\/2021\/10\/Zaawansowane-zarzadzanie-portami-urzadzen-umozliwiajace-dostep-do-stacji-roboczej-scisle-okreslonym-akcesoriom-1024x500-1.webp\" alt=\"\" class=\"wp-image-1045\" srcset=\"https:\/\/www.soledpro.cz\/wp-content\/uploads\/2021\/10\/Zaawansowane-zarzadzanie-portami-urzadzen-umozliwiajace-dostep-do-stacji-roboczej-scisle-okreslonym-akcesoriom-1024x500-1.webp 1024w, https:\/\/www.soledpro.cz\/wp-content\/uploads\/2021\/10\/Zaawansowane-zarzadzanie-portami-urzadzen-umozliwiajace-dostep-do-stacji-roboczej-scisle-okreslonym-akcesoriom-1024x500-1-300x146.webp 300w, https:\/\/www.soledpro.cz\/wp-content\/uploads\/2021\/10\/Zaawansowane-zarzadzanie-portami-urzadzen-umozliwiajace-dostep-do-stacji-roboczej-scisle-okreslonym-akcesoriom-1024x500-1-768x375.webp 768w\" sizes=\"(max-width: 1024px) 100vw, 1024px\" \/><\/a><\/figure>\n<\/div>\n<\/div>\n\n\n\n<div style=\"height:64px\" aria-hidden=\"true\" class=\"wp-block-spacer\"><\/div>\n\n\n\n<div class=\"wp-block-columns is-layout-flex wp-container-core-columns-is-layout-28f84493 wp-block-columns-is-layout-flex\">\n<div class=\"wp-block-column is-layout-flow wp-block-column-is-layout-flow\">\n<figure class=\"wp-block-image size-full\"><a href=\"http:\/\/www.soledpro.cz\/wp-content\/uploads\/2021\/10\/Okreslenie-konkretnych-polityk-bezpieczenstwa-automatycznie-realizowanych-w-ramach-urzadzen-organizacji-1024x501-1.webp\"><img decoding=\"async\" width=\"1024\" height=\"501\" src=\"http:\/\/www.soledpro.cz\/wp-content\/uploads\/2021\/10\/Okreslenie-konkretnych-polityk-bezpieczenstwa-automatycznie-realizowanych-w-ramach-urzadzen-organizacji-1024x501-1.webp\" alt=\"\" class=\"wp-image-1046\" srcset=\"https:\/\/www.soledpro.cz\/wp-content\/uploads\/2021\/10\/Okreslenie-konkretnych-polityk-bezpieczenstwa-automatycznie-realizowanych-w-ramach-urzadzen-organizacji-1024x501-1.webp 1024w, https:\/\/www.soledpro.cz\/wp-content\/uploads\/2021\/10\/Okreslenie-konkretnych-polityk-bezpieczenstwa-automatycznie-realizowanych-w-ramach-urzadzen-organizacji-1024x501-1-300x147.webp 300w, https:\/\/www.soledpro.cz\/wp-content\/uploads\/2021\/10\/Okreslenie-konkretnych-polityk-bezpieczenstwa-automatycznie-realizowanych-w-ramach-urzadzen-organizacji-1024x501-1-768x376.webp 768w\" sizes=\"(max-width: 1024px) 100vw, 1024px\" \/><\/a><\/figure>\n<\/div>\n\n\n\n<div class=\"wp-block-column is-layout-flow wp-block-column-is-layout-flow\">\n<h3 class=\"wp-block-heading\">Bestimmung spezifischer Sicherheitsrichtlinien, die automatisch in den Einrichtungen der Organisation implementiert werden.<\/h3>\n\n\n\n<p>G\u00fcltige Sicherheitsrichtlinien k\u00f6nnen zuvor erstellten Ger\u00e4tegruppen zugewiesen werden. Dank einer solchen L\u00f6sung ist es nicht notwendig, sie f\u00fcr jeden Arbeitsplatz separat zu definieren, au\u00dferdem erh\u00f6hen sie die Effizienz der Arbeit der IT-Abteilung bei der Einstellung neuer Mitarbeiter. Abh\u00e4ngig von der belegten Position wird das Ger\u00e4t mit den zuvor festgelegten Einschr\u00e4nkungen der entsprechenden Gruppe zugeordnet.<\/p>\n<\/div>\n<\/div>\n\n\n\n<div style=\"height:64px\" aria-hidden=\"true\" class=\"wp-block-spacer\"><\/div>\n\n\n\n<div class=\"wp-block-columns is-layout-flex wp-container-core-columns-is-layout-28f84493 wp-block-columns-is-layout-flex\">\n<div class=\"wp-block-column is-layout-flow wp-block-column-is-layout-flow\">\n<h3 class=\"wp-block-heading\">Kategorisierung von Ger\u00e4ten nach Produkttyp zur besseren Verwaltung, wenn in einer Organisation viele Ressourcen vorhanden sind.<\/h3>\n\n\n\n<p>Ressourcen k\u00f6nnen wie folgt kategorisiert werden: Wechselbare Massenspeicherger\u00e4te, CD-ROMs, tragbare Windows-Ger\u00e4te, Apple-Ger\u00e4te, Bluetooth, Drucker, Modem, drahtloser Netzwerkadapter, Bildverarbeitungsger\u00e4te, serielle (COM) Anschl\u00fcsse, parallele (LPT) Anschl\u00fcsse, Biometrie, Infrarot , Smartcard-Leseger\u00e4te, Bandlaufwerke, Maus und Diskette.<\/p>\n<\/div>\n\n\n\n<div class=\"wp-block-column is-layout-flow wp-block-column-is-layout-flow\">\n<figure class=\"wp-block-image size-full\"><a href=\"http:\/\/www.soledpro.cz\/wp-content\/uploads\/2021\/10\/Kategoryzowanie-urzadzen-w-zaleznosci-od-typu-produktu-w-celu-lepszego-zarzadzania-przy-duzej-ilosci-zasobow-w-organizacji-1024x501-1.webp\"><img decoding=\"async\" width=\"1024\" height=\"501\" src=\"http:\/\/www.soledpro.cz\/wp-content\/uploads\/2021\/10\/Kategoryzowanie-urzadzen-w-zaleznosci-od-typu-produktu-w-celu-lepszego-zarzadzania-przy-duzej-ilosci-zasobow-w-organizacji-1024x501-1.webp\" alt=\"\" class=\"wp-image-1047\" srcset=\"https:\/\/www.soledpro.cz\/wp-content\/uploads\/2021\/10\/Kategoryzowanie-urzadzen-w-zaleznosci-od-typu-produktu-w-celu-lepszego-zarzadzania-przy-duzej-ilosci-zasobow-w-organizacji-1024x501-1.webp 1024w, https:\/\/www.soledpro.cz\/wp-content\/uploads\/2021\/10\/Kategoryzowanie-urzadzen-w-zaleznosci-od-typu-produktu-w-celu-lepszego-zarzadzania-przy-duzej-ilosci-zasobow-w-organizacji-1024x501-1-300x147.webp 300w, https:\/\/www.soledpro.cz\/wp-content\/uploads\/2021\/10\/Kategoryzowanie-urzadzen-w-zaleznosci-od-typu-produktu-w-celu-lepszego-zarzadzania-przy-duzej-ilosci-zasobow-w-organizacji-1024x501-1-768x376.webp 768w\" sizes=\"(max-width: 1024px) 100vw, 1024px\" \/><\/a><\/figure>\n<\/div>\n<\/div>\n\n\n\n<div style=\"height:64px\" aria-hidden=\"true\" class=\"wp-block-spacer\"><\/div>\n\n\n\n<div class=\"wp-block-columns is-layout-flex wp-container-core-columns-is-layout-28f84493 wp-block-columns-is-layout-flex\">\n<div class=\"wp-block-column is-layout-flow wp-block-column-is-layout-flow\">\n<figure class=\"wp-block-image size-full\"><a href=\"http:\/\/www.soledpro.cz\/wp-content\/uploads\/2021\/10\/Zaawansowane-wyszukiwanie-urzadzenia-w-zasobach-np.-z-wykorzystaniem-adresu-IP-lub-innych-dostepnych-danych-1024x501-1.webp\"><img loading=\"lazy\" decoding=\"async\" width=\"1024\" height=\"501\" src=\"http:\/\/www.soledpro.cz\/wp-content\/uploads\/2021\/10\/Zaawansowane-wyszukiwanie-urzadzenia-w-zasobach-np.-z-wykorzystaniem-adresu-IP-lub-innych-dostepnych-danych-1024x501-1.webp\" alt=\"\" class=\"wp-image-1048\" srcset=\"https:\/\/www.soledpro.cz\/wp-content\/uploads\/2021\/10\/Zaawansowane-wyszukiwanie-urzadzenia-w-zasobach-np.-z-wykorzystaniem-adresu-IP-lub-innych-dostepnych-danych-1024x501-1.webp 1024w, https:\/\/www.soledpro.cz\/wp-content\/uploads\/2021\/10\/Zaawansowane-wyszukiwanie-urzadzenia-w-zasobach-np.-z-wykorzystaniem-adresu-IP-lub-innych-dostepnych-danych-1024x501-1-300x147.webp 300w, https:\/\/www.soledpro.cz\/wp-content\/uploads\/2021\/10\/Zaawansowane-wyszukiwanie-urzadzenia-w-zasobach-np.-z-wykorzystaniem-adresu-IP-lub-innych-dostepnych-danych-1024x501-1-768x376.webp 768w\" sizes=\"(max-width: 1024px) 100vw, 1024px\" \/><\/a><\/figure>\n<\/div>\n\n\n\n<div class=\"wp-block-column is-layout-flow wp-block-column-is-layout-flow\">\n<h3 class=\"wp-block-heading\">Erweiterte Ger\u00e4tesuche in Ressourcen, z. B. anhand der IP-Adresse oder anderer verf\u00fcgbarer Daten.<\/h3>\n\n\n\n<p>Wir k\u00f6nnen alle mit der Workstation verbundenen Zubeh\u00f6rteile anhand von Daten wie Computername, Dom\u00e4ne, Benutzername, Ger\u00e4tename, Ger\u00e4tetyp, Pfad zum Auftreten des Ger\u00e4ts, Verbindungszeit, Trennungszeit, Nutzungszeit und letzter Aktion \u00fcberpr\u00fcfen und so feststellen, ob es sich um ein angeschlossenes Ger\u00e4t handelte gesperrt oder zur Nutzung zugelassen.<\/p>\n<\/div>\n<\/div>\n\n\n\n<div style=\"height:64px\" aria-hidden=\"true\" class=\"wp-block-spacer\"><\/div>\n\n\n\n<div class=\"wp-block-columns is-layout-flex wp-container-core-columns-is-layout-28f84493 wp-block-columns-is-layout-flex\">\n<div class=\"wp-block-column is-layout-flow wp-block-column-is-layout-flow\">\n<h3 class=\"wp-block-heading\">Personalisierung des auf den Ger\u00e4ten installierten Agenten, um seinen Betrieb an die Netzwerkstrukturen der Organisation anzupassen.<\/h3>\n\n\n\n<p>Mit dem System k\u00f6nnen Sie die IP-Adresse des Servers konfigurieren, die HTTPS-Kommunikation aktivieren und sofort nach der Installation des Agenten scannen. Sollte die Installation fehlschlagen, k\u00f6nnen Sie ein Zeitintervall festlegen, nach dem der Vorgang automatisch startet. Durch das Hinzuf\u00fcgen eines Computers zum Active Directory-Dienst wird die Verwaltung von Ger\u00e4teports erheblich erleichtert, unter anderem dank der M\u00f6glichkeit der automatischen Installation eines Agenten mit Benachrichtigung.<\/p>\n<\/div>\n\n\n\n<div class=\"wp-block-column is-layout-flow wp-block-column-is-layout-flow\">\n<figure class=\"wp-block-image size-full\"><a href=\"http:\/\/www.soledpro.cz\/wp-content\/uploads\/2021\/10\/Personalizacja-agenta-instalowanego-na-urzadzeniach-aby-dostosowac-jego-dzialanie-to-struktur-sieciowych-organizacji-1024x501-1.webp\"><img loading=\"lazy\" decoding=\"async\" width=\"1024\" height=\"501\" src=\"http:\/\/www.soledpro.cz\/wp-content\/uploads\/2021\/10\/Personalizacja-agenta-instalowanego-na-urzadzeniach-aby-dostosowac-jego-dzialanie-to-struktur-sieciowych-organizacji-1024x501-1.webp\" alt=\"\" class=\"wp-image-1049\" srcset=\"https:\/\/www.soledpro.cz\/wp-content\/uploads\/2021\/10\/Personalizacja-agenta-instalowanego-na-urzadzeniach-aby-dostosowac-jego-dzialanie-to-struktur-sieciowych-organizacji-1024x501-1.webp 1024w, https:\/\/www.soledpro.cz\/wp-content\/uploads\/2021\/10\/Personalizacja-agenta-instalowanego-na-urzadzeniach-aby-dostosowac-jego-dzialanie-to-struktur-sieciowych-organizacji-1024x501-1-300x147.webp 300w, https:\/\/www.soledpro.cz\/wp-content\/uploads\/2021\/10\/Personalizacja-agenta-instalowanego-na-urzadzeniach-aby-dostosowac-jego-dzialanie-to-struktur-sieciowych-organizacji-1024x501-1-768x376.webp 768w\" sizes=\"(max-width: 1024px) 100vw, 1024px\" \/><\/a><\/figure>\n<\/div>\n<\/div>\n\n\n\n<div style=\"height:64px\" aria-hidden=\"true\" class=\"wp-block-spacer\"><\/div>\n\n\n\n<div class=\"wp-block-columns is-layout-flex wp-container-core-columns-is-layout-28f84493 wp-block-columns-is-layout-flex\">\n<div class=\"wp-block-column is-layout-flow wp-block-column-is-layout-flow\">\n<figure class=\"wp-block-image size-full\"><a href=\"http:\/\/www.soledpro.cz\/wp-content\/uploads\/2021\/10\/Modul-raportow-z-mozliwoscia-cyklicznego-powiadamiania-wskazanych-adresow-e-mail-oraz-eksportem-do-plikow-PDF-CSV-XLSX-1024x501-1.webp\"><img loading=\"lazy\" decoding=\"async\" width=\"1024\" height=\"501\" src=\"http:\/\/www.soledpro.cz\/wp-content\/uploads\/2021\/10\/Modul-raportow-z-mozliwoscia-cyklicznego-powiadamiania-wskazanych-adresow-e-mail-oraz-eksportem-do-plikow-PDF-CSV-XLSX-1024x501-1.webp\" alt=\"\" class=\"wp-image-1050\" srcset=\"https:\/\/www.soledpro.cz\/wp-content\/uploads\/2021\/10\/Modul-raportow-z-mozliwoscia-cyklicznego-powiadamiania-wskazanych-adresow-e-mail-oraz-eksportem-do-plikow-PDF-CSV-XLSX-1024x501-1.webp 1024w, https:\/\/www.soledpro.cz\/wp-content\/uploads\/2021\/10\/Modul-raportow-z-mozliwoscia-cyklicznego-powiadamiania-wskazanych-adresow-e-mail-oraz-eksportem-do-plikow-PDF-CSV-XLSX-1024x501-1-300x147.webp 300w, https:\/\/www.soledpro.cz\/wp-content\/uploads\/2021\/10\/Modul-raportow-z-mozliwoscia-cyklicznego-powiadamiania-wskazanych-adresow-e-mail-oraz-eksportem-do-plikow-PDF-CSV-XLSX-1024x501-1-768x376.webp 768w\" sizes=\"(max-width: 1024px) 100vw, 1024px\" \/><\/a><\/figure>\n<\/div>\n\n\n\n<div class=\"wp-block-column is-layout-flow wp-block-column-is-layout-flow\">\n<h3 class=\"wp-block-heading\">Berichtsmodul mit der M\u00f6glichkeit, die angegebenen E-Mail-Adressen regelm\u00e4\u00dfig zu informieren und in PDF-, CSV- und XLSX-Dateien zu exportieren.<\/h3>\n\n\n\n<p>Standardm\u00e4\u00dfig sind die folgenden Berichte geplant: Ger\u00e4teinspektion, Ger\u00e4tezusammenfassung, nicht autorisierte Ger\u00e4te, Dateiverfolgung, Dateispiegelung. Der Adressat kann die Daten auf drei verschiedene Arten erhalten: als Datei, die dem Anhang hinzugef\u00fcgt wird, als Datei im ZIP-Format oder als URL-Adresse zu einem auf dem Device Control Plus-Server ver\u00f6ffentlichten Bericht. Bei \u00dcberschreitung des angegebenen Datenlimits k\u00f6nnen die Einstellungen so ge\u00e4ndert werden, dass der Bericht automatisch auf dem Server ver\u00f6ffentlicht wird.<\/p>\n<\/div>\n<\/div>\n\n\n\n<div style=\"height:100px\" aria-hidden=\"true\" class=\"wp-block-spacer\"><\/div>","protected":false},"excerpt":{"rendered":"<p>N\u00e1stroj DLP (Data Loss Prevention), kter\u00fd chr\u00e1n\u00ed organizaci p\u0159ed \u00fanikem dat. Device Control Plus umo\u017e\u0148uje kontrolov\u00e1n\u00ed, blokov\u00e1n\u00ed a monitorov\u00e1n\u00ed p\u0159enosn\u00fdch za\u0159\u00edzen\u00ed p\u0159ipojen\u00fdch p\u0159es USB port a jin\u00fdch perifern\u00edch za\u0159\u00edzen\u00edch. Tato pokro\u010dil\u00e1 spr\u00e1va port\u016f za\u0159\u00edzen\u00ed chr\u00e1n\u00ed p\u0159ed neautorizovan\u00fdm p\u0159\u00edstupem k citliv\u00fdm \u00fadaj\u016fm organizace. Aplikace pom\u00e1h\u00e1 stanovit ur\u010dit\u00e1 pravidla, kter\u00e1 n\u00e1sledn\u011b p\u0159i\u0159azujeme ke konkr\u00e9tn\u00edm skupin\u00e1m za\u0159\u00edzen\u00ed. M\u016f\u017eeme [&hellip;]<\/p>","protected":false},"author":1,"featured_media":1045,"parent":714,"menu_order":0,"comment_status":"closed","ping_status":"closed","template":"","meta":{"footnotes":""},"class_list":["post-1044","page","type-page","status-publish","has-post-thumbnail","hentry"],"_links":{"self":[{"href":"https:\/\/www.soledpro.cz\/de\/wp-json\/wp\/v2\/pages\/1044","targetHints":{"allow":["GET"]}}],"collection":[{"href":"https:\/\/www.soledpro.cz\/de\/wp-json\/wp\/v2\/pages"}],"about":[{"href":"https:\/\/www.soledpro.cz\/de\/wp-json\/wp\/v2\/types\/page"}],"author":[{"embeddable":true,"href":"https:\/\/www.soledpro.cz\/de\/wp-json\/wp\/v2\/users\/1"}],"replies":[{"embeddable":true,"href":"https:\/\/www.soledpro.cz\/de\/wp-json\/wp\/v2\/comments?post=1044"}],"version-history":[{"count":1,"href":"https:\/\/www.soledpro.cz\/de\/wp-json\/wp\/v2\/pages\/1044\/revisions"}],"predecessor-version":[{"id":1051,"href":"https:\/\/www.soledpro.cz\/de\/wp-json\/wp\/v2\/pages\/1044\/revisions\/1051"}],"up":[{"embeddable":true,"href":"https:\/\/www.soledpro.cz\/de\/wp-json\/wp\/v2\/pages\/714"}],"wp:featuredmedia":[{"embeddable":true,"href":"https:\/\/www.soledpro.cz\/de\/wp-json\/wp\/v2\/media\/1045"}],"wp:attachment":[{"href":"https:\/\/www.soledpro.cz\/de\/wp-json\/wp\/v2\/media?parent=1044"}],"curies":[{"name":"wp","href":"https:\/\/api.w.org\/{rel}","templated":true}]}}