{"id":1036,"date":"2021-10-31T17:17:02","date_gmt":"2021-10-31T16:17:02","guid":{"rendered":"http:\/\/www.soledpro.cz\/?page_id=1036"},"modified":"2021-10-31T17:17:03","modified_gmt":"2021-10-31T16:17:03","slug":"desktop-central","status":"publish","type":"page","link":"https:\/\/www.soledpro.cz\/de\/kyberneticka-bezpecnost\/manage-engine\/produkty-uem\/desktop-central\/","title":{"rendered":"Desktop Central"},"content":{"rendered":"<h3 class=\"wp-block-heading\">Integrierte Verwaltungssoftware f\u00fcr PCs und tragbare Ger\u00e4te, auch in einer MSP-Version verf\u00fcgbar, mit der Sie Server, Laptops, Workstations, Smartphones und Tablets von einem zentralen Standort aus verwalten k\u00f6nnen.<\/h3>\n\n\n\n<p>Desktop Central automatisiert die Ressourcenverwaltung, von der einfachen Konfiguration von Windows-Betriebssystemen bis hin zur komplexen Softwareverteilung. Es unterst\u00fctzt die Betriebssysteme Windows, Linux und MacOS. Desktop Central erm\u00f6glicht die Installation von Software, das Patchen, die Standardisierung von Workstations und die Erstellung von Sicherheitsrichtlinien, innerhalb derer unerw\u00fcnschte Software oder Funktionen von Workstations, wie z. B. die Verwendung von USB-Anschl\u00fcssen, verwendet und blockiert werden k\u00f6nnen. Bei Problemen mit Benutzern k\u00f6nnen Administratoren auch Remote-Sitzungen nutzen, wodurch sie einen sofortigen Einblick in die Umgebung des Empf\u00e4ngers erhalten. Kurz gesagt: Desktop Central ist die komplette Computer- und Softwareverwaltung f\u00fcr Sie.<\/p>\n\n\n\n<div style=\"height:64px\" aria-hidden=\"true\" class=\"wp-block-spacer\"><\/div>\n\n\n\n<h2 class=\"wp-block-heading\">VORTEILE<\/h2>\n\n\n\n<ul class=\"wp-block-list\"><li>die M\u00f6glichkeit, nicht verwendete Ger\u00e4te von einer Konsole aus auszuschalten<\/li><li>Automatisierung von Softwarekonfigurations- und Verteilungsprozessen<\/li><li>aktive Unterst\u00fctzung bei der L\u00f6sung von Vorf\u00e4llen, die im Helpdesk eingegeben wurden<\/li><li>Volle Kontrolle \u00fcber die Ger\u00e4te aller Benutzer<\/li><li>Steigerung der Produktivit\u00e4t von Netzwerkadministratoren und Reduzierung ihrer Arbeitsbelastung<\/li><\/ul>\n\n\n\n<div style=\"height:64px\" aria-hidden=\"true\" class=\"wp-block-spacer\"><\/div>\n\n\n\n<h2 class=\"wp-block-heading\">MERKMALE<\/h2>\n\n\n\n<div class=\"wp-block-columns is-layout-flex wp-container-core-columns-is-layout-28f84493 wp-block-columns-is-layout-flex\">\n<div class=\"wp-block-column is-layout-flow wp-block-column-is-layout-flow\">\n<h3 class=\"wp-block-heading\">Patch-Management durch vollst\u00e4ndige Automatisierung oder manuelle Bereitstellung.<\/h3>\n\n\n\n<p>Patch-Management mit vollst\u00e4ndiger Automatisierung oder manueller Bereitstellung. Neu ver\u00f6ffentlichte Updates, die von Herstellern verteilt werden, erfordern eine \u00dcberpr\u00fcfung. Das System erm\u00f6glicht die Bildung von Gruppen von Testger\u00e4ten, in denen die Stabilit\u00e4t installierter Patches \u00fcberpr\u00fcft wird. Sollten Stabilit\u00e4tsprobleme in der eingesetzten Software festgestellt werden, besteht die M\u00f6glichkeit, den Zustand vor der Einf\u00fchrung der Updates wiederherzustellen und damit die Funktionalit\u00e4t wiederherzustellen.<\/p>\n<\/div>\n\n\n\n<div class=\"wp-block-column is-layout-flow wp-block-column-is-layout-flow\">\n<figure class=\"wp-block-image size-full\"><a href=\"http:\/\/www.soledpro.cz\/wp-content\/uploads\/2021\/10\/Zarzadzanie-poprawkami-z-wykorzystaniem-pelnej-automatyzacji-lub-wykorzystaniem-manualnej-ingerencji-1024x501-1.webp\"><img fetchpriority=\"high\" decoding=\"async\" width=\"1024\" height=\"501\" src=\"http:\/\/www.soledpro.cz\/wp-content\/uploads\/2021\/10\/Zarzadzanie-poprawkami-z-wykorzystaniem-pelnej-automatyzacji-lub-wykorzystaniem-manualnej-ingerencji-1024x501-1.webp\" alt=\"\" class=\"wp-image-1037\" srcset=\"https:\/\/www.soledpro.cz\/wp-content\/uploads\/2021\/10\/Zarzadzanie-poprawkami-z-wykorzystaniem-pelnej-automatyzacji-lub-wykorzystaniem-manualnej-ingerencji-1024x501-1.webp 1024w, https:\/\/www.soledpro.cz\/wp-content\/uploads\/2021\/10\/Zarzadzanie-poprawkami-z-wykorzystaniem-pelnej-automatyzacji-lub-wykorzystaniem-manualnej-ingerencji-1024x501-1-300x147.webp 300w, https:\/\/www.soledpro.cz\/wp-content\/uploads\/2021\/10\/Zarzadzanie-poprawkami-z-wykorzystaniem-pelnej-automatyzacji-lub-wykorzystaniem-manualnej-ingerencji-1024x501-1-768x376.webp 768w\" sizes=\"(max-width: 1024px) 100vw, 1024px\" \/><\/a><\/figure>\n<\/div>\n<\/div>\n\n\n\n<div style=\"height:64px\" aria-hidden=\"true\" class=\"wp-block-spacer\"><\/div>\n\n\n\n<div class=\"wp-block-columns is-layout-flex wp-container-core-columns-is-layout-28f84493 wp-block-columns-is-layout-flex\">\n<div class=\"wp-block-column is-layout-flow wp-block-column-is-layout-flow\">\n<figure class=\"wp-block-image size-full\"><a href=\"http:\/\/www.soledpro.cz\/wp-content\/uploads\/2021\/10\/Integracja-z-innymi-aplikacjami-ManageEngine-w-celu-rozszerzenia-funkcjonalnosci-np.-dzieki-mozliwosci-tworzenia-zgloszen-za-pomoca-ServiceDesk-Plus-1024x501-1.webp\"><img decoding=\"async\" width=\"1024\" height=\"501\" src=\"http:\/\/www.soledpro.cz\/wp-content\/uploads\/2021\/10\/Integracja-z-innymi-aplikacjami-ManageEngine-w-celu-rozszerzenia-funkcjonalnosci-np.-dzieki-mozliwosci-tworzenia-zgloszen-za-pomoca-ServiceDesk-Plus-1024x501-1.webp\" alt=\"\" class=\"wp-image-1038\" srcset=\"https:\/\/www.soledpro.cz\/wp-content\/uploads\/2021\/10\/Integracja-z-innymi-aplikacjami-ManageEngine-w-celu-rozszerzenia-funkcjonalnosci-np.-dzieki-mozliwosci-tworzenia-zgloszen-za-pomoca-ServiceDesk-Plus-1024x501-1.webp 1024w, https:\/\/www.soledpro.cz\/wp-content\/uploads\/2021\/10\/Integracja-z-innymi-aplikacjami-ManageEngine-w-celu-rozszerzenia-funkcjonalnosci-np.-dzieki-mozliwosci-tworzenia-zgloszen-za-pomoca-ServiceDesk-Plus-1024x501-1-300x147.webp 300w, https:\/\/www.soledpro.cz\/wp-content\/uploads\/2021\/10\/Integracja-z-innymi-aplikacjami-ManageEngine-w-celu-rozszerzenia-funkcjonalnosci-np.-dzieki-mozliwosci-tworzenia-zgloszen-za-pomoca-ServiceDesk-Plus-1024x501-1-768x376.webp 768w\" sizes=\"(max-width: 1024px) 100vw, 1024px\" \/><\/a><\/figure>\n<\/div>\n\n\n\n<div class=\"wp-block-column is-layout-flow wp-block-column-is-layout-flow\">\n<h3 class=\"wp-block-heading\">Integrieren Sie andere ManageEngine-Anwendungen, um die Funktionalit\u00e4t zu erweitern, z. B. Berichtsfunktionen.<\/h3>\n\n\n\n<p>Die Integration mit Analytics Plus erm\u00f6glicht eine detaillierte Datenanalyse, erweiterte Filterung und die M\u00f6glichkeit, Trends zu finden. Das System kann in mehrere Anwendungen gleichzeitig integriert werden und stellt gleichzeitig das f\u00fcr die Organisation notwendige Datenzentrum dar.<\/p>\n<\/div>\n<\/div>\n\n\n\n<div style=\"height:64px\" aria-hidden=\"true\" class=\"wp-block-spacer\"><\/div>\n\n\n\n<div class=\"wp-block-columns is-layout-flex wp-container-core-columns-is-layout-28f84493 wp-block-columns-is-layout-flex\">\n<div class=\"wp-block-column is-layout-flow wp-block-column-is-layout-flow\">\n<h3 class=\"wp-block-heading\">Erkennen von Ressourcenver\u00e4nderungen und Umsetzen der in der Organisation geltenden Sicherheitsrichtlinien.<\/h3>\n\n\n\n<p>Das System erkennt alle vom Benutzer installierten Anwendungen mit der M\u00f6glichkeit, diejenigen zu blockieren, die sensible Daten gef\u00e4hrden und nicht mit akzeptierten Standards kompatibel sind. Durch die Erstellung von Blacklists wird es m\u00f6glich, unerw\u00fcnschte Software auf allen Ger\u00e4ten zu blockieren, ohne jeden Fall einzeln analysieren zu m\u00fcssen. Whitelisting hilft dabei, die gew\u00fcnschte Software zu ermitteln, die Benutzer verwenden d\u00fcrfen.<\/p>\n<\/div>\n\n\n\n<div class=\"wp-block-column is-layout-flow wp-block-column-is-layout-flow\">\n<figure class=\"wp-block-image size-full\"><a href=\"http:\/\/www.soledpro.cz\/wp-content\/uploads\/2021\/10\/Wykrywanie-zmian-w-zasobach-oraz-wprowadzanie-obowiazujacych-polityk-bezpieczenstwa-w-organizacji-1024x501-1.webp\"><img decoding=\"async\" width=\"1024\" height=\"501\" src=\"http:\/\/www.soledpro.cz\/wp-content\/uploads\/2021\/10\/Wykrywanie-zmian-w-zasobach-oraz-wprowadzanie-obowiazujacych-polityk-bezpieczenstwa-w-organizacji-1024x501-1.webp\" alt=\"\" class=\"wp-image-1039\" srcset=\"https:\/\/www.soledpro.cz\/wp-content\/uploads\/2021\/10\/Wykrywanie-zmian-w-zasobach-oraz-wprowadzanie-obowiazujacych-polityk-bezpieczenstwa-w-organizacji-1024x501-1.webp 1024w, https:\/\/www.soledpro.cz\/wp-content\/uploads\/2021\/10\/Wykrywanie-zmian-w-zasobach-oraz-wprowadzanie-obowiazujacych-polityk-bezpieczenstwa-w-organizacji-1024x501-1-300x147.webp 300w, https:\/\/www.soledpro.cz\/wp-content\/uploads\/2021\/10\/Wykrywanie-zmian-w-zasobach-oraz-wprowadzanie-obowiazujacych-polityk-bezpieczenstwa-w-organizacji-1024x501-1-768x376.webp 768w\" sizes=\"(max-width: 1024px) 100vw, 1024px\" \/><\/a><\/figure>\n<\/div>\n<\/div>\n\n\n\n<div style=\"height:64px\" aria-hidden=\"true\" class=\"wp-block-spacer\"><\/div>\n\n\n\n<div class=\"wp-block-columns is-layout-flex wp-container-core-columns-is-layout-28f84493 wp-block-columns-is-layout-flex\">\n<div class=\"wp-block-column is-layout-flow wp-block-column-is-layout-flow\">\n<figure class=\"wp-block-image size-full\"><a href=\"http:\/\/www.soledpro.cz\/wp-content\/uploads\/2021\/10\/Zdalna-konfiguracja-stacji-roboczych-dzieki-bezposredniemu-dostepowi-do-urzadzenia-uzytkownika-koncowego-1024x501-1.webp\"><img loading=\"lazy\" decoding=\"async\" width=\"1024\" height=\"501\" src=\"http:\/\/www.soledpro.cz\/wp-content\/uploads\/2021\/10\/Zdalna-konfiguracja-stacji-roboczych-dzieki-bezposredniemu-dostepowi-do-urzadzenia-uzytkownika-koncowego-1024x501-1.webp\" alt=\"\" class=\"wp-image-1040\" srcset=\"https:\/\/www.soledpro.cz\/wp-content\/uploads\/2021\/10\/Zdalna-konfiguracja-stacji-roboczych-dzieki-bezposredniemu-dostepowi-do-urzadzenia-uzytkownika-koncowego-1024x501-1.webp 1024w, https:\/\/www.soledpro.cz\/wp-content\/uploads\/2021\/10\/Zdalna-konfiguracja-stacji-roboczych-dzieki-bezposredniemu-dostepowi-do-urzadzenia-uzytkownika-koncowego-1024x501-1-300x147.webp 300w, https:\/\/www.soledpro.cz\/wp-content\/uploads\/2021\/10\/Zdalna-konfiguracja-stacji-roboczych-dzieki-bezposredniemu-dostepowi-do-urzadzenia-uzytkownika-koncowego-1024x501-1-768x376.webp 768w\" sizes=\"(max-width: 1024px) 100vw, 1024px\" \/><\/a><\/figure>\n<\/div>\n\n\n\n<div class=\"wp-block-column is-layout-flow wp-block-column-is-layout-flow\">\n<h3 class=\"wp-block-heading\">Remote-Konfiguration von Arbeitspl\u00e4tzen dank direktem Zugriff auf Endbenutzerger\u00e4te.<\/h3>\n\n\n\n<p>Die Funktion erm\u00f6glicht den vollst\u00e4ndigen Zugriff mit Administratorrechten sowie die M\u00f6glichkeit, erforderliche \u00c4nderungen vorzunehmen bzw. sofortige Hilfe zu leisten. Wenn der Benutzer \u00fcber mehrere Monitore verf\u00fcgt, ist es m\u00f6glich, zwischen diesen zu wechseln und die erforderlichen Dateien zu senden, die zur L\u00f6sung des Problems in der jeweiligen Situation beitragen. Ein intuitives Filtersystem hilft Ihnen, jedes Ger\u00e4t leicht zu finden. Desktop Central ist Ihre komplette Computer- und Softwareverwaltung.<\/p>\n<\/div>\n<\/div>\n\n\n\n<div style=\"height:64px\" aria-hidden=\"true\" class=\"wp-block-spacer\"><\/div>\n\n\n\n<div class=\"wp-block-columns is-layout-flex wp-container-core-columns-is-layout-28f84493 wp-block-columns-is-layout-flex\">\n<div class=\"wp-block-column is-layout-flow wp-block-column-is-layout-flow\">\n<h3 class=\"wp-block-heading\">Stellen Sie Software auf mehreren Ger\u00e4ten gleichzeitig bereit und haben Sie die M\u00f6glichkeit, Ger\u00e4te in konfigurierbare Gruppen aufzuteilen.<\/h3>\n\n\n\n<p>Das System \u00fcbernimmt die Reparatur vieler Ger\u00e4te und erm\u00f6glicht so deren intuitive Auswahl gem\u00e4\u00df den in der Organisation geltenden Regeln. Wenn das Unternehmen viele Abteilungen oder separate Niederlassungen hat, kann jede von ihnen spezielle Sicherheitsrichtlinien und die verwendete Software zuweisen. Die Installation von Anwendungen ist in gro\u00dfen Mengen m\u00f6glich, das System gibt uns einen Bericht \u00fcber den Fortschritt.<\/p>\n<\/div>\n\n\n\n<div class=\"wp-block-column is-layout-flow wp-block-column-is-layout-flow\">\n<figure class=\"wp-block-image size-full\"><a href=\"http:\/\/www.soledpro.cz\/wp-content\/uploads\/2021\/10\/Wdrazanie-oprogramowania-w-wielu-urzadzeniach-jednoczesnie-z-mozliwoscia-podzialu-na-konfigurowalne-grupy-1024x501-1.webp\"><img loading=\"lazy\" decoding=\"async\" width=\"1024\" height=\"501\" src=\"http:\/\/www.soledpro.cz\/wp-content\/uploads\/2021\/10\/Wdrazanie-oprogramowania-w-wielu-urzadzeniach-jednoczesnie-z-mozliwoscia-podzialu-na-konfigurowalne-grupy-1024x501-1.webp\" alt=\"\" class=\"wp-image-1041\" srcset=\"https:\/\/www.soledpro.cz\/wp-content\/uploads\/2021\/10\/Wdrazanie-oprogramowania-w-wielu-urzadzeniach-jednoczesnie-z-mozliwoscia-podzialu-na-konfigurowalne-grupy-1024x501-1.webp 1024w, https:\/\/www.soledpro.cz\/wp-content\/uploads\/2021\/10\/Wdrazanie-oprogramowania-w-wielu-urzadzeniach-jednoczesnie-z-mozliwoscia-podzialu-na-konfigurowalne-grupy-1024x501-1-300x147.webp 300w, https:\/\/www.soledpro.cz\/wp-content\/uploads\/2021\/10\/Wdrazanie-oprogramowania-w-wielu-urzadzeniach-jednoczesnie-z-mozliwoscia-podzialu-na-konfigurowalne-grupy-1024x501-1-768x376.webp 768w\" sizes=\"(max-width: 1024px) 100vw, 1024px\" \/><\/a><\/figure>\n<\/div>\n<\/div>\n\n\n\n<div style=\"height:64px\" aria-hidden=\"true\" class=\"wp-block-spacer\"><\/div>\n\n\n\n<div class=\"wp-block-columns is-layout-flex wp-container-core-columns-is-layout-28f84493 wp-block-columns-is-layout-flex\">\n<div class=\"wp-block-column is-layout-flow wp-block-column-is-layout-flow\">\n<figure class=\"wp-block-image size-full\"><a href=\"http:\/\/www.soledpro.cz\/wp-content\/uploads\/2021\/10\/Dzieki-modulowi-Mobile-Device-Management-mozliwosc-zarzadzania-urzadzeniami-mobilnymi-z-systemami-Android-iOS-Windows-1024x501-1.webp\"><img loading=\"lazy\" decoding=\"async\" width=\"1024\" height=\"501\" src=\"http:\/\/www.soledpro.cz\/wp-content\/uploads\/2021\/10\/Dzieki-modulowi-Mobile-Device-Management-mozliwosc-zarzadzania-urzadzeniami-mobilnymi-z-systemami-Android-iOS-Windows-1024x501-1.webp\" alt=\"\" class=\"wp-image-1042\" srcset=\"https:\/\/www.soledpro.cz\/wp-content\/uploads\/2021\/10\/Dzieki-modulowi-Mobile-Device-Management-mozliwosc-zarzadzania-urzadzeniami-mobilnymi-z-systemami-Android-iOS-Windows-1024x501-1.webp 1024w, https:\/\/www.soledpro.cz\/wp-content\/uploads\/2021\/10\/Dzieki-modulowi-Mobile-Device-Management-mozliwosc-zarzadzania-urzadzeniami-mobilnymi-z-systemami-Android-iOS-Windows-1024x501-1-300x147.webp 300w, https:\/\/www.soledpro.cz\/wp-content\/uploads\/2021\/10\/Dzieki-modulowi-Mobile-Device-Management-mozliwosc-zarzadzania-urzadzeniami-mobilnymi-z-systemami-Android-iOS-Windows-1024x501-1-768x376.webp 768w\" sizes=\"(max-width: 1024px) 100vw, 1024px\" \/><\/a><\/figure>\n<\/div>\n\n\n\n<div class=\"wp-block-column is-layout-flow wp-block-column-is-layout-flow\">\n<h3 class=\"wp-block-heading\">Die M\u00f6glichkeit, mobile Ger\u00e4te mit Android-, iOS- und Windows-Systemen zu verwalten, dank des Mobile Device Management-Moduls.<\/h3>\n\n\n\n<p>Das System erm\u00f6glicht die vollst\u00e4ndige Kontrolle und die M\u00f6glichkeit, Sicherheitsrichtlinien zu definieren, die dann ganzen Ger\u00e4tegruppen zugewiesen werden. Zu den Grundfunktionen geh\u00f6ren unter anderem der Schutz von Daten im Falle eines Diebstahls, die M\u00f6glichkeit, Remote-Sitzungen durchzuf\u00fchren, Anwendungen zu installieren, Unternehmensdokumente zu versenden und ein begrenztes Gesch\u00e4ft mit Anwendungen zu erstellen (von der Organisation genehmigt).<\/p>\n<\/div>\n<\/div>\n\n\n\n<div style=\"height:64px\" aria-hidden=\"true\" class=\"wp-block-spacer\"><\/div>\n\n\n\n<h3 class=\"has-text-align-center wp-block-heading\">Interessiert an Desktop Central-kompatiblen Systemen?<\/h3>\n\n\n\n<p class=\"has-text-align-center\">Sehen Sie sich das an:<\/p>\n\n\n\n<h4 class=\"has-text-align-center wp-block-heading\">Helpdesk-System ServiceDesk Plus,<\/h4>\n\n\n\n<h4 class=\"has-text-align-center wp-block-heading\">das IT-Ressourcenmanagementsystem AssetExplorer,<\/h4>\n\n\n\n<h4 class=\"has-text-align-center wp-block-heading\">Browser-Sicherheitssoftware Browser Security Plus,<\/h4>\n\n\n\n<h4 class=\"has-text-align-center wp-block-heading\">Analytics Plus-Datenanalysetool.<\/h4>\n\n\n\n<div style=\"height:100px\" aria-hidden=\"true\" class=\"wp-block-spacer\"><\/div>","protected":false},"excerpt":{"rendered":"<p>Integrovan\u00fd software k spr\u00e1v\u011b po\u010d\u00edta\u010d\u016f a p\u0159enosn\u00fdch za\u0159\u00edzen\u00ed dostupn\u00fd tak\u00e9 ve verzi MSP, kter\u00fd pom\u00e1h\u00e1 spravovat z jednoho centr\u00e1ln\u00edho m\u00edsta servery, notebooky, pracovn\u00ed stanice, smartphony a tablety. Desktop Central automatizuje spr\u00e1vu zdroj\u016f po\u010d\u00ednaje jednoduchou konfigurac\u00ed opera\u010dn\u00edch syst\u00e9m\u016f Windows a kon\u010de komplikovanou distribuc\u00ed softwaru. Podporuje opera\u010dn\u00ed syst\u00e9my Windows, Linux a MacOS. Desktop Central umo\u017e\u0148uje instalaci softwaru, [&hellip;]<\/p>","protected":false},"author":1,"featured_media":1037,"parent":714,"menu_order":0,"comment_status":"closed","ping_status":"closed","template":"","meta":{"footnotes":""},"class_list":["post-1036","page","type-page","status-publish","has-post-thumbnail","hentry"],"_links":{"self":[{"href":"https:\/\/www.soledpro.cz\/de\/wp-json\/wp\/v2\/pages\/1036","targetHints":{"allow":["GET"]}}],"collection":[{"href":"https:\/\/www.soledpro.cz\/de\/wp-json\/wp\/v2\/pages"}],"about":[{"href":"https:\/\/www.soledpro.cz\/de\/wp-json\/wp\/v2\/types\/page"}],"author":[{"embeddable":true,"href":"https:\/\/www.soledpro.cz\/de\/wp-json\/wp\/v2\/users\/1"}],"replies":[{"embeddable":true,"href":"https:\/\/www.soledpro.cz\/de\/wp-json\/wp\/v2\/comments?post=1036"}],"version-history":[{"count":1,"href":"https:\/\/www.soledpro.cz\/de\/wp-json\/wp\/v2\/pages\/1036\/revisions"}],"predecessor-version":[{"id":1043,"href":"https:\/\/www.soledpro.cz\/de\/wp-json\/wp\/v2\/pages\/1036\/revisions\/1043"}],"up":[{"embeddable":true,"href":"https:\/\/www.soledpro.cz\/de\/wp-json\/wp\/v2\/pages\/714"}],"wp:featuredmedia":[{"embeddable":true,"href":"https:\/\/www.soledpro.cz\/de\/wp-json\/wp\/v2\/media\/1037"}],"wp:attachment":[{"href":"https:\/\/www.soledpro.cz\/de\/wp-json\/wp\/v2\/media?parent=1036"}],"curies":[{"name":"wp","href":"https:\/\/api.w.org\/{rel}","templated":true}]}}