{"id":1027,"date":"2021-10-31T17:09:21","date_gmt":"2021-10-31T16:09:21","guid":{"rendered":"http:\/\/www.soledpro.cz\/?page_id=1027"},"modified":"2021-10-31T17:09:22","modified_gmt":"2021-10-31T16:09:22","slug":"application-control-plus","status":"publish","type":"page","link":"https:\/\/www.soledpro.cz\/de\/kyberneticka-bezpecnost\/manage-engine\/produkty-uem\/application-control-plus\/","title":{"rendered":"Application Control Plus"},"content":{"rendered":"<h3 class=\"wp-block-heading\">Application Control Plus ist eine fortschrittliche L\u00f6sung, die das Sicherheitsniveau beim Einsatz neuester Technologien in Unternehmen deutlich erh\u00f6ht.<\/h3>\n\n\n\n<p>Mit dem Tool k\u00f6nnen Sie Anwendungen blockieren, die nicht f\u00fcr die Arbeit ben\u00f6tigt werden, was zu einer vollst\u00e4ndigen Kontrolle \u00fcber Anwendungen f\u00fchrt. Es erm\u00f6glicht das Blockieren von Anwendungen, die f\u00fcr die Arbeit nicht notwendig sind und zu Leistungseinbu\u00dfen f\u00fchren k\u00f6nnten oder deren Verwendung ein Sicherheitsrisiko f\u00fcr das Unternehmen darstellen k\u00f6nnte. Das Tool erm\u00f6glicht es Ihnen, die Initiative zu ergreifen und spezifische Anwendungsrichtlinien umzusetzen. Das Wichtigste ist, dass man sich keine Gedanken dar\u00fcber machen muss, ob die Richtlinien von den Benutzern befolgt werden \u2013 die gesamte Kontrolle liegt in den H\u00e4nden des Administrators.<\/p>\n\n\n\n<div style=\"height:64px\" aria-hidden=\"true\" class=\"wp-block-spacer\"><\/div>\n\n\n\n<h2 class=\"wp-block-heading\">VORTEILE<\/h2>\n\n\n\n<ul class=\"wp-block-list\"><li>Steigerung der Effizienz der Benutzerarbeit<\/li><li>Zeitersparnis bei der Implementierung von Anwendungen<\/li><li>volle Kontrolle \u00fcber die Software<\/li><li>harte Daten dank des Berichtsmoduls<\/li><\/ul>\n\n\n\n<div style=\"height:64px\" aria-hidden=\"true\" class=\"wp-block-spacer\"><\/div>\n\n\n\n<h2 class=\"wp-block-heading\">MERKMALE<\/h2>\n\n\n\n<div class=\"wp-block-columns is-layout-flex wp-container-core-columns-is-layout-28f84493 wp-block-columns-is-layout-flex\">\n<div class=\"wp-block-column is-layout-flow wp-block-column-is-layout-flow\">\n<h3 class=\"wp-block-heading\"><strong>Intuitive Auswahl von Software gem\u00e4\u00df anerkannten Standards in einer Organisation mit der M\u00f6glichkeit der Automatisierung.<\/strong><\/h3>\n\n\n\n<p><strong>&nbsp;<\/strong><\/p>\n\n\n\n<p>Das System wurde mit Blick auf die Benutzerfreundlichkeit aller Grundfunktionen entwickelt. Nach der Anmeldung enth\u00e4lt die Hauptseite alle notwendigen Informationen f\u00fcr den Administrator, der Zugriff auf die Daten und volle Kontrolle \u00fcber die Anwendungen erh\u00e4lt. Dank einer solchen Konfiguration kann der Administrator nicht nur den aktuellen Status der erkannten Anwendungen \u00fcberpr\u00fcfen, sondern auch deren Trend die letzten Tage im Falle einer grauen Liste.<\/p>\n<\/div>\n\n\n\n<div class=\"wp-block-column is-layout-flow wp-block-column-is-layout-flow\">\n<figure class=\"wp-block-image size-full\"><a href=\"http:\/\/www.soledpro.cz\/wp-content\/uploads\/2021\/10\/Intuicyjna-selekcja-oprogramowania-zgodnie-z-przyjetymi-standardami-w-organizacji-z-mozliwoscia-automatyzacji-1024x501-1.webp\"><img fetchpriority=\"high\" decoding=\"async\" width=\"1024\" height=\"501\" src=\"http:\/\/www.soledpro.cz\/wp-content\/uploads\/2021\/10\/Intuicyjna-selekcja-oprogramowania-zgodnie-z-przyjetymi-standardami-w-organizacji-z-mozliwoscia-automatyzacji-1024x501-1.webp\" alt=\"\" class=\"wp-image-1028\" srcset=\"https:\/\/www.soledpro.cz\/wp-content\/uploads\/2021\/10\/Intuicyjna-selekcja-oprogramowania-zgodnie-z-przyjetymi-standardami-w-organizacji-z-mozliwoscia-automatyzacji-1024x501-1.webp 1024w, https:\/\/www.soledpro.cz\/wp-content\/uploads\/2021\/10\/Intuicyjna-selekcja-oprogramowania-zgodnie-z-przyjetymi-standardami-w-organizacji-z-mozliwoscia-automatyzacji-1024x501-1-300x147.webp 300w, https:\/\/www.soledpro.cz\/wp-content\/uploads\/2021\/10\/Intuicyjna-selekcja-oprogramowania-zgodnie-z-przyjetymi-standardami-w-organizacji-z-mozliwoscia-automatyzacji-1024x501-1-768x376.webp 768w\" sizes=\"(max-width: 1024px) 100vw, 1024px\" \/><\/a><\/figure>\n<\/div>\n<\/div>\n\n\n\n<div style=\"height:64px\" aria-hidden=\"true\" class=\"wp-block-spacer\"><\/div>\n\n\n\n<div class=\"wp-block-columns is-layout-flex wp-container-core-columns-is-layout-28f84493 wp-block-columns-is-layout-flex\">\n<div class=\"wp-block-column is-layout-flow wp-block-column-is-layout-flow\">\n<figure class=\"wp-block-image size-full\"><a href=\"http:\/\/www.soledpro.cz\/wp-content\/uploads\/2021\/10\/Tworzenie-bialych-oraz-czarnych-list-w-klarowny-sposob-selekcjonujacych-aplikacje-pod-katem-mozliwosci-ich-wykorzystania-1024x501-1.webp\"><img decoding=\"async\" width=\"1024\" height=\"501\" src=\"http:\/\/www.soledpro.cz\/wp-content\/uploads\/2021\/10\/Tworzenie-bialych-oraz-czarnych-list-w-klarowny-sposob-selekcjonujacych-aplikacje-pod-katem-mozliwosci-ich-wykorzystania-1024x501-1.webp\" alt=\"\" class=\"wp-image-1029\" srcset=\"https:\/\/www.soledpro.cz\/wp-content\/uploads\/2021\/10\/Tworzenie-bialych-oraz-czarnych-list-w-klarowny-sposob-selekcjonujacych-aplikacje-pod-katem-mozliwosci-ich-wykorzystania-1024x501-1.webp 1024w, https:\/\/www.soledpro.cz\/wp-content\/uploads\/2021\/10\/Tworzenie-bialych-oraz-czarnych-list-w-klarowny-sposob-selekcjonujacych-aplikacje-pod-katem-mozliwosci-ich-wykorzystania-1024x501-1-300x147.webp 300w, https:\/\/www.soledpro.cz\/wp-content\/uploads\/2021\/10\/Tworzenie-bialych-oraz-czarnych-list-w-klarowny-sposob-selekcjonujacych-aplikacje-pod-katem-mozliwosci-ich-wykorzystania-1024x501-1-768x376.webp 768w\" sizes=\"(max-width: 1024px) 100vw, 1024px\" \/><\/a><\/figure>\n<\/div>\n\n\n\n<div class=\"wp-block-column is-layout-flow wp-block-column-is-layout-flow\">\n<h3 class=\"wp-block-heading\"><strong>Erstellung von White\/Blacklists, die Anwendungen hinsichtlich ihrer Einsatzm\u00f6glichkeiten eindeutig selektieren.<\/strong><\/h3>\n\n\n\n<p>Die Auswahl erfolgt durch Markieren der entsprechenden Software, die der entsprechenden Liste hinzugef\u00fcgt wird. Das System erm\u00f6glicht die Erstellung zahlreicher Anwendungslisten mit der M\u00f6glichkeit der intuitiven Filterung und des Datenexports in das PDF-, CSV- oder XLSX-Format. Graylist ist ein \u00dcbergangsbereich, der Anwendungen betrifft, die nicht der einen oder anderen Gruppe im System zugeordnet sind.<\/p>\n<\/div>\n<\/div>\n\n\n\n<div style=\"height:64px\" aria-hidden=\"true\" class=\"wp-block-spacer\"><\/div>\n\n\n\n<div class=\"wp-block-columns is-layout-flex wp-container-core-columns-is-layout-28f84493 wp-block-columns-is-layout-flex\">\n<div class=\"wp-block-column is-layout-flow wp-block-column-is-layout-flow\">\n<h3 class=\"wp-block-heading\"><strong>Erstellung von Anwendungsgruppen, um im Falle einer umfangreichen Datenbank schneller zu dem Artikel zu gelangen, an dem wir interessiert sind.<\/strong><\/h3>\n\n\n\n<p>Gruppen erm\u00f6glichen eine einfache Auswahl von Software, die dann als Ganzes der entsprechenden Einschr\u00e4nkung zugeordnet werden kann. Dadurch entf\u00e4llt die Notwendigkeit, Sicherheitsrichtlinien f\u00fcr jede Anwendung separat zu definieren. Auf diese Weise erstellte Listen k\u00f6nnen bei Bedarf bearbeitet oder gel\u00f6scht werden. Au\u00dferdem wird der Zeitpunkt angezeigt, zu dem die Gruppe erstellt wurde, und das Datum, an dem sie zuletzt ge\u00e4ndert wurde<\/p>\n<\/div>\n\n\n\n<div class=\"wp-block-column is-layout-flow wp-block-column-is-layout-flow\">\n<figure class=\"wp-block-image size-full\"><a href=\"http:\/\/www.soledpro.cz\/wp-content\/uploads\/2021\/10\/Tworzenie-grup-aplikacji-w-celu-szybszego-dotarcia-do-interesujacej-nas-pozycji-w-przypadku-bardzo-rozbudowanej-bazy-danych-1024x501-1.webp\"><img decoding=\"async\" width=\"1024\" height=\"501\" src=\"http:\/\/www.soledpro.cz\/wp-content\/uploads\/2021\/10\/Tworzenie-grup-aplikacji-w-celu-szybszego-dotarcia-do-interesujacej-nas-pozycji-w-przypadku-bardzo-rozbudowanej-bazy-danych-1024x501-1.webp\" alt=\"\" class=\"wp-image-1030\" srcset=\"https:\/\/www.soledpro.cz\/wp-content\/uploads\/2021\/10\/Tworzenie-grup-aplikacji-w-celu-szybszego-dotarcia-do-interesujacej-nas-pozycji-w-przypadku-bardzo-rozbudowanej-bazy-danych-1024x501-1.webp 1024w, https:\/\/www.soledpro.cz\/wp-content\/uploads\/2021\/10\/Tworzenie-grup-aplikacji-w-celu-szybszego-dotarcia-do-interesujacej-nas-pozycji-w-przypadku-bardzo-rozbudowanej-bazy-danych-1024x501-1-300x147.webp 300w, https:\/\/www.soledpro.cz\/wp-content\/uploads\/2021\/10\/Tworzenie-grup-aplikacji-w-celu-szybszego-dotarcia-do-interesujacej-nas-pozycji-w-przypadku-bardzo-rozbudowanej-bazy-danych-1024x501-1-768x376.webp 768w\" sizes=\"(max-width: 1024px) 100vw, 1024px\" \/><\/a><\/figure>\n<\/div>\n<\/div>\n\n\n\n<div style=\"height:64px\" aria-hidden=\"true\" class=\"wp-block-spacer\"><\/div>\n\n\n\n<div class=\"wp-block-columns is-layout-flex wp-container-core-columns-is-layout-28f84493 wp-block-columns-is-layout-flex\">\n<div class=\"wp-block-column is-layout-flow wp-block-column-is-layout-flow\">\n<figure class=\"wp-block-image size-full\"><a href=\"http:\/\/www.soledpro.cz\/wp-content\/uploads\/2021\/10\/Tworzenie-polityk-wdrazania-oprogramowania-uwzgledniajacych-najczestsze-restrykcje-wprowadzane-w-organizacji-1024x501webp.webp\"><img loading=\"lazy\" decoding=\"async\" width=\"1024\" height=\"501\" src=\"http:\/\/www.soledpro.cz\/wp-content\/uploads\/2021\/10\/Tworzenie-polityk-wdrazania-oprogramowania-uwzgledniajacych-najczestsze-restrykcje-wprowadzane-w-organizacji-1024x501webp.webp\" alt=\"\" class=\"wp-image-1032\" srcset=\"https:\/\/www.soledpro.cz\/wp-content\/uploads\/2021\/10\/Tworzenie-polityk-wdrazania-oprogramowania-uwzgledniajacych-najczestsze-restrykcje-wprowadzane-w-organizacji-1024x501webp.webp 1024w, https:\/\/www.soledpro.cz\/wp-content\/uploads\/2021\/10\/Tworzenie-polityk-wdrazania-oprogramowania-uwzgledniajacych-najczestsze-restrykcje-wprowadzane-w-organizacji-1024x501webp-300x147.webp 300w, https:\/\/www.soledpro.cz\/wp-content\/uploads\/2021\/10\/Tworzenie-polityk-wdrazania-oprogramowania-uwzgledniajacych-najczestsze-restrykcje-wprowadzane-w-organizacji-1024x501webp-768x376.webp 768w\" sizes=\"(max-width: 1024px) 100vw, 1024px\" \/><\/a><\/figure>\n<\/div>\n\n\n\n<div class=\"wp-block-column is-layout-flow wp-block-column-is-layout-flow\">\n<h3 class=\"wp-block-heading\"><strong>Erstellung von Softwareimplementierungsrichtlinien unter Ber\u00fccksichtigung der h\u00e4ufigsten in der Organisation implementierten Einschr\u00e4nkungen.<\/strong><\/h3>\n\n\n\n<p>Die vollst\u00e4ndige Anwendungskontrolle und ihre Funktionen erm\u00f6glichen die Implementierung vordefinierter Einschr\u00e4nkungen auf mehreren Ger\u00e4ten, ohne dass diese f\u00fcr jedes Ger\u00e4t separat definiert werden m\u00fcssen. Einschr\u00e4nkungen werden den entsprechenden Gruppen zugewiesen, w\u00e4hrend Anwendungen in den folgenden Modi gestartet werden k\u00f6nnen:<\/p>\n\n\n\n<ul class=\"wp-block-list\"><li>Audit-Modus \u2013 erm\u00f6glicht die \u00dcberpr\u00fcfung der Graylist und die Neudefinition von Anwendungen auf der White\/Blacklist<\/li><li>Strikter Modus \u2013 erlaubt die Verwendung nur der Whitelist (verifizierte, zur Verwendung zugelassene Software).<\/li><\/ul>\n<\/div>\n<\/div>\n\n\n\n<div style=\"height:64px\" aria-hidden=\"true\" class=\"wp-block-spacer\"><\/div>\n\n\n\n<div class=\"wp-block-columns is-layout-flex wp-container-core-columns-is-layout-28f84493 wp-block-columns-is-layout-flex\">\n<div class=\"wp-block-column is-layout-flow wp-block-column-is-layout-flow\">\n<h3 class=\"wp-block-heading\"><strong>Liste der Anwendungen, die Administratorrechte nutzen k\u00f6nnen, um die verwendeten Ger\u00e4te besser zu sch\u00fctzen.<br><\/strong><\/h3>\n\n\n\n<p>Einige Anwendungen erfordern Administratorrechte, um ordnungsgem\u00e4\u00df zu funktionieren. Aus Sicherheitsgr\u00fcnden lohnt es sich jedoch, diese nur bei Bedarf zu erteilen. Bei missbr\u00e4uchlicher T\u00e4tigkeit ohne Administratorrechte ist zu \u00fcberlegen, ob die eingesetzte Software gehackt oder f\u00fcr Zwecke genutzt wird, die zu Datenverlusten f\u00fchren k\u00f6nnten.<\/p>\n<\/div>\n\n\n\n<div class=\"wp-block-column is-layout-flow wp-block-column-is-layout-flow\">\n<figure class=\"wp-block-image size-full\"><a href=\"http:\/\/www.soledpro.cz\/wp-content\/uploads\/2021\/10\/Lista-aplikacji-mogacych-korzystac-z-uprawnien-administratora-w-celu-lepszego-zabezpieczenia-wykorzystywanych-urzadzen-1024x501-1.webp\"><img loading=\"lazy\" decoding=\"async\" width=\"1024\" height=\"501\" src=\"http:\/\/www.soledpro.cz\/wp-content\/uploads\/2021\/10\/Lista-aplikacji-mogacych-korzystac-z-uprawnien-administratora-w-celu-lepszego-zabezpieczenia-wykorzystywanych-urzadzen-1024x501-1.webp\" alt=\"\" class=\"wp-image-1033\" srcset=\"https:\/\/www.soledpro.cz\/wp-content\/uploads\/2021\/10\/Lista-aplikacji-mogacych-korzystac-z-uprawnien-administratora-w-celu-lepszego-zabezpieczenia-wykorzystywanych-urzadzen-1024x501-1.webp 1024w, https:\/\/www.soledpro.cz\/wp-content\/uploads\/2021\/10\/Lista-aplikacji-mogacych-korzystac-z-uprawnien-administratora-w-celu-lepszego-zabezpieczenia-wykorzystywanych-urzadzen-1024x501-1-300x147.webp 300w, https:\/\/www.soledpro.cz\/wp-content\/uploads\/2021\/10\/Lista-aplikacji-mogacych-korzystac-z-uprawnien-administratora-w-celu-lepszego-zabezpieczenia-wykorzystywanych-urzadzen-1024x501-1-768x376.webp 768w\" sizes=\"(max-width: 1024px) 100vw, 1024px\" \/><\/a><\/figure>\n<\/div>\n<\/div>\n\n\n\n<div style=\"height:64px\" aria-hidden=\"true\" class=\"wp-block-spacer\"><\/div>\n\n\n\n<div class=\"wp-block-columns is-layout-flex wp-container-core-columns-is-layout-28f84493 wp-block-columns-is-layout-flex\">\n<div class=\"wp-block-column is-layout-flow wp-block-column-is-layout-flow\">\n<figure class=\"wp-block-image size-full\"><a href=\"http:\/\/www.soledpro.cz\/wp-content\/uploads\/2021\/10\/Raportowanie-danych-dotyczacych-oprogramowania-oraz-uprawnien-z-mozliwoscia-cyklicznego-informowania-wskazanych-osob-1024x501-1.webp\"><img loading=\"lazy\" decoding=\"async\" width=\"1024\" height=\"501\" src=\"http:\/\/www.soledpro.cz\/wp-content\/uploads\/2021\/10\/Raportowanie-danych-dotyczacych-oprogramowania-oraz-uprawnien-z-mozliwoscia-cyklicznego-informowania-wskazanych-osob-1024x501-1.webp\" alt=\"\" class=\"wp-image-1034\" srcset=\"https:\/\/www.soledpro.cz\/wp-content\/uploads\/2021\/10\/Raportowanie-danych-dotyczacych-oprogramowania-oraz-uprawnien-z-mozliwoscia-cyklicznego-informowania-wskazanych-osob-1024x501-1.webp 1024w, https:\/\/www.soledpro.cz\/wp-content\/uploads\/2021\/10\/Raportowanie-danych-dotyczacych-oprogramowania-oraz-uprawnien-z-mozliwoscia-cyklicznego-informowania-wskazanych-osob-1024x501-1-300x147.webp 300w, https:\/\/www.soledpro.cz\/wp-content\/uploads\/2021\/10\/Raportowanie-danych-dotyczacych-oprogramowania-oraz-uprawnien-z-mozliwoscia-cyklicznego-informowania-wskazanych-osob-1024x501-1-768x376.webp 768w\" sizes=\"(max-width: 1024px) 100vw, 1024px\" \/><\/a><\/figure>\n<\/div>\n\n\n\n<div class=\"wp-block-column is-layout-flow wp-block-column-is-layout-flow\">\n<h3 class=\"wp-block-heading\"><strong>Meldung von Daten im Zusammenhang mit Software und Berechtigungen mit der M\u00f6glichkeit, diese Personen regelm\u00e4\u00dfig zu informieren.<\/strong><\/h3>\n\n\n\n<p>Die Anwendung speichert Daten in den Formaten PDF, XLSX und CSV. Bei periodischen Nachrichten bietet das System drei Versandoptionen an: als Anhang, als ZIP-Datei oder ver\u00f6ffentlicht auf den Desktop Central-Servern zusammen mit einer Benachrichtigung \u00fcber die korrekte URL-Adresse. Standardm\u00e4\u00dfig werden Berichte unter anderem zu folgenden Themen angeboten: Active Directory, Benutzeranmeldung und Software-White\/Blacklist.<\/p>\n<\/div>\n<\/div>\n\n\n\n<div style=\"height:100px\" aria-hidden=\"true\" class=\"wp-block-spacer\"><\/div>","protected":false},"excerpt":{"rendered":"<p>Application Control Plus je pokro\u010dil\u00e9 \u0159e\u0161en\u00ed v\u00fdrazn\u011b zvy\u0161uj\u00edc\u00ed \u00farove\u0148 bezpe\u010dnosti b\u011bhem pou\u017e\u00edv\u00e1n\u00ed nejnov\u011bj\u0161\u00edch technologi\u00ed ve spole\u010dnostech. N\u00e1stroj umo\u017e\u0148uje blokov\u00e1n\u00ed aplikac\u00ed nepot\u0159ebn\u00fdch k pr\u00e1ci a v\u00fdsledkem je \u00fapln\u00e1 kontrola nad aplikacemi. Umo\u017e\u0148uje blokov\u00e1n\u00ed aplikac\u00ed, kter\u00e9 nejsou nutn\u00e9 k pr\u00e1ci a mohly by zp\u016fsobit pokles v\u00fdkonnosti, nebo by jejich u\u017e\u00edv\u00e1n\u00ed mohlo b\u00fdt pro organizaci bezpe\u010dnost\u00ed riziko. N\u00e1stroj [&hellip;]<\/p>","protected":false},"author":1,"featured_media":1028,"parent":714,"menu_order":0,"comment_status":"closed","ping_status":"closed","template":"","meta":{"footnotes":""},"class_list":["post-1027","page","type-page","status-publish","has-post-thumbnail","hentry"],"_links":{"self":[{"href":"https:\/\/www.soledpro.cz\/de\/wp-json\/wp\/v2\/pages\/1027","targetHints":{"allow":["GET"]}}],"collection":[{"href":"https:\/\/www.soledpro.cz\/de\/wp-json\/wp\/v2\/pages"}],"about":[{"href":"https:\/\/www.soledpro.cz\/de\/wp-json\/wp\/v2\/types\/page"}],"author":[{"embeddable":true,"href":"https:\/\/www.soledpro.cz\/de\/wp-json\/wp\/v2\/users\/1"}],"replies":[{"embeddable":true,"href":"https:\/\/www.soledpro.cz\/de\/wp-json\/wp\/v2\/comments?post=1027"}],"version-history":[{"count":1,"href":"https:\/\/www.soledpro.cz\/de\/wp-json\/wp\/v2\/pages\/1027\/revisions"}],"predecessor-version":[{"id":1035,"href":"https:\/\/www.soledpro.cz\/de\/wp-json\/wp\/v2\/pages\/1027\/revisions\/1035"}],"up":[{"embeddable":true,"href":"https:\/\/www.soledpro.cz\/de\/wp-json\/wp\/v2\/pages\/714"}],"wp:featuredmedia":[{"embeddable":true,"href":"https:\/\/www.soledpro.cz\/de\/wp-json\/wp\/v2\/media\/1028"}],"wp:attachment":[{"href":"https:\/\/www.soledpro.cz\/de\/wp-json\/wp\/v2\/media?parent=1027"}],"curies":[{"name":"wp","href":"https:\/\/api.w.org\/{rel}","templated":true}]}}