{"id":1011,"date":"2021-10-31T16:56:41","date_gmt":"2021-10-31T15:56:41","guid":{"rendered":"http:\/\/www.soledpro.cz\/?page_id=1011"},"modified":"2021-10-31T16:56:41","modified_gmt":"2021-10-31T15:56:41","slug":"log360","status":"publish","type":"page","link":"https:\/\/www.soledpro.cz\/de\/kyberneticka-bezpecnost\/manage-engine\/produkty-security-it\/log360\/","title":{"rendered":"LOG360"},"content":{"rendered":"<h3 class=\"wp-block-heading\">LOG360 ist eine umfassende SIEM-L\u00f6sung, die die Analyse von Ereignissen\/Protokollen aus der gesamten Umgebung erm\u00f6glicht.<\/h3>\n\n\n\n<p>Es erm\u00f6glicht die Pr\u00fcfung von Cloud-Servern, Microsoft 365, Exchange-Servern, die Dom\u00e4nenpr\u00fcfung und die Anbindung von Schwachstellenscannern und Bedrohungsanalysesystemen. LOG360 sammelt Daten in Echtzeit, analysiert sie, stellt Korrelationen her und l\u00f6st bei Bedarf einen Alarm aus. Das System basiert auf der Verbindung seiner Anwendungen \u2013 EventLog Analyzer und ADAudit. Dank dieser Verbindung haben wir einen klaren \u00dcberblick \u00fcber unsere gesamte Infrastruktur, sowohl aus Sicht der Windows-Welt als auch aus Sicht der \u00fcber Syslog verbundenen Ger\u00e4te. Es dient auch als Tool zur Verwaltung der gesamten Umgebung, angefangen bei Active Directory bis hin zu Microsoft 365. Es kann neue Benutzer erstellen, bestehende bearbeiten oder l\u00f6schen. Das System erm\u00f6glicht auch die \u00c4nderung von GPO- und OU-Richtlinien. Dank vieler vordefinierter Berichte ist der Einstieg in die Arbeit mit dem Tool sofort m\u00f6glich. Nicht zuletzt erm\u00f6glicht das System die Delegation von Berechtigungen, wodurch wir einen Teil der Befugnisse an die erste Supportlinie \u00fcbergeben k\u00f6nnen.<\/p>\n\n\n\n<div style=\"height:64px\" aria-hidden=\"true\" class=\"wp-block-spacer\"><\/div>\n\n\n\n<h2 class=\"wp-block-heading\">VORTEILE<\/h2>\n\n\n\n<ul class=\"wp-block-list\"><li>Pr\u00fcfung aller Ma\u00dfnahmen anhand von Protokollen<\/li><li>Umweltmanagement<\/li><li>\u00dcberwachungssysteme wie Windows, Linux, Exchange, Office365 und Active Directory<\/li><li>Pr\u00fcfung aller Netzwerkger\u00e4te<\/li><li>Pr\u00fcfung von Servern und Cloud-Diensten<\/li><li>Arbeitseffizienz dank Automatisierung<\/li><li>Sicherheit beim Dateiaustausch<\/li><\/ul>\n\n\n\n<div style=\"height:64px\" aria-hidden=\"true\" class=\"wp-block-spacer\"><\/div>\n\n\n\n<h2 class=\"wp-block-heading\">MERKMALE<\/h2>\n\n\n\n<div class=\"wp-block-columns is-layout-flex wp-container-core-columns-is-layout-28f84493 wp-block-columns-is-layout-flex\">\n<div class=\"wp-block-column is-layout-flow wp-block-column-is-layout-flow\">\n<h3 class=\"wp-block-heading\">M\u00f6glichkeit zur \u00dcberwachung von Windows-, Linux-, Exchange-, Office365- und Active Directory-Ereignissen<\/h3>\n\n\n\n<p>Das System erm\u00f6glicht die \u00dcberwachung vieler Systeme anhand der ihm zur Verf\u00fcgung gestellten Protokolle. Alle Daten werden in Echtzeit analysiert. Mit ihrer Nutzung erm\u00f6glicht das System die Erstellung von Alarmmeldungen und Alarmausl\u00f6seprofilen sowie die M\u00f6glichkeit von E-Mail- oder SMS-Benachrichtigungen. Im Falle eines unerw\u00fcnschten Ereignisses kann LOG360 ein vorkonfiguriertes Skript ausf\u00fchren, um Sch\u00e4den durch unbefugten Zugriff auf die Umgebung zu verhindern.<\/p>\n<\/div>\n\n\n\n<div class=\"wp-block-column is-layout-flow wp-block-column-is-layout-flow\">\n<figure class=\"wp-block-image size-full\"><a href=\"http:\/\/www.soledpro.cz\/wp-content\/uploads\/2021\/10\/Audyt-1024x513-1.webp\"><img fetchpriority=\"high\" decoding=\"async\" width=\"1024\" height=\"513\" src=\"http:\/\/www.soledpro.cz\/wp-content\/uploads\/2021\/10\/Audyt-1024x513-1.webp\" alt=\"\" class=\"wp-image-1012\" srcset=\"https:\/\/www.soledpro.cz\/wp-content\/uploads\/2021\/10\/Audyt-1024x513-1.webp 1024w, https:\/\/www.soledpro.cz\/wp-content\/uploads\/2021\/10\/Audyt-1024x513-1-300x150.webp 300w, https:\/\/www.soledpro.cz\/wp-content\/uploads\/2021\/10\/Audyt-1024x513-1-768x385.webp 768w\" sizes=\"(max-width: 1024px) 100vw, 1024px\" \/><\/a><\/figure>\n<\/div>\n<\/div>\n\n\n\n<div style=\"height:64px\" aria-hidden=\"true\" class=\"wp-block-spacer\"><\/div>\n\n\n\n<div class=\"wp-block-columns is-layout-flex wp-container-core-columns-is-layout-28f84493 wp-block-columns-is-layout-flex\">\n<div class=\"wp-block-column is-layout-flow wp-block-column-is-layout-flow\">\n<figure class=\"wp-block-image size-full\"><a href=\"http:\/\/www.soledpro.cz\/wp-content\/uploads\/2021\/10\/Automatyzacje-1024x454-1.webp\"><img decoding=\"async\" width=\"1024\" height=\"454\" src=\"http:\/\/www.soledpro.cz\/wp-content\/uploads\/2021\/10\/Automatyzacje-1024x454-1.webp\" alt=\"\" class=\"wp-image-1013\" srcset=\"https:\/\/www.soledpro.cz\/wp-content\/uploads\/2021\/10\/Automatyzacje-1024x454-1.webp 1024w, https:\/\/www.soledpro.cz\/wp-content\/uploads\/2021\/10\/Automatyzacje-1024x454-1-300x133.webp 300w, https:\/\/www.soledpro.cz\/wp-content\/uploads\/2021\/10\/Automatyzacje-1024x454-1-768x341.webp 768w\" sizes=\"(max-width: 1024px) 100vw, 1024px\" \/><\/a><\/figure>\n<\/div>\n\n\n\n<div class=\"wp-block-column is-layout-flow wp-block-column-is-layout-flow\">\n<h3 class=\"wp-block-heading\">Integrierte Funktion zur Automatisierung der Aktionen von Administratoren<\/h3>\n\n\n\n<p>Diese Funktion erm\u00f6glicht die Automatisierung monotoner Aufgaben und die Konfiguration sequenzieller Aktionen, wodurch Administratoren Zeit sparen. Automatisierungen erm\u00f6glichen die zyklische Ausf\u00fchrung von Aktionen, wie z. B. das Zur\u00fccksetzen des Passworts auf der Grundlage eines konfigurierten Berichts und das anschlie\u00dfende Sperren des Benutzers oder dessen Entfernen bei l\u00e4ngerer Inaktivit\u00e4t.<\/p>\n<\/div>\n<\/div>\n\n\n\n<div style=\"height:64px\" aria-hidden=\"true\" class=\"wp-block-spacer\"><\/div>\n\n\n\n<div class=\"wp-block-columns is-layout-flex wp-container-core-columns-is-layout-28f84493 wp-block-columns-is-layout-flex\">\n<div class=\"wp-block-column is-layout-flow wp-block-column-is-layout-flow\">\n<h3 class=\"wp-block-heading\">M\u00f6glichkeit, Berechtigungen zu delegieren<\/h3>\n\n\n\n<p>Dabei geht es darum, einige F\u00e4higkeiten\/Berechtigungen des Administrators an Techniker zu \u00fcbertragen, beispielsweise die Benutzerverwaltung oder den Zugriff auf Instanzberichte.<\/p>\n<\/div>\n\n\n\n<div class=\"wp-block-column is-layout-flow wp-block-column-is-layout-flow\">\n<figure class=\"wp-block-image size-full\"><a href=\"http:\/\/www.soledpro.cz\/wp-content\/uploads\/2021\/10\/Delegacje-1024x520-1.webp\"><img decoding=\"async\" width=\"1024\" height=\"520\" src=\"http:\/\/www.soledpro.cz\/wp-content\/uploads\/2021\/10\/Delegacje-1024x520-1.webp\" alt=\"\" class=\"wp-image-1014\" srcset=\"https:\/\/www.soledpro.cz\/wp-content\/uploads\/2021\/10\/Delegacje-1024x520-1.webp 1024w, https:\/\/www.soledpro.cz\/wp-content\/uploads\/2021\/10\/Delegacje-1024x520-1-300x152.webp 300w, https:\/\/www.soledpro.cz\/wp-content\/uploads\/2021\/10\/Delegacje-1024x520-1-768x390.webp 768w\" sizes=\"(max-width: 1024px) 100vw, 1024px\" \/><\/a><\/figure>\n<\/div>\n<\/div>\n\n\n\n<div style=\"height:64px\" aria-hidden=\"true\" class=\"wp-block-spacer\"><\/div>\n\n\n\n<div class=\"wp-block-columns is-layout-flex wp-container-core-columns-is-layout-28f84493 wp-block-columns-is-layout-flex\">\n<div class=\"wp-block-column is-layout-flow wp-block-column-is-layout-flow\">\n<figure class=\"wp-block-image size-full\"><a href=\"http:\/\/www.soledpro.cz\/wp-content\/uploads\/2021\/10\/Alertowanie-1024x685-1.webp\"><img loading=\"lazy\" decoding=\"async\" width=\"1024\" height=\"685\" src=\"http:\/\/www.soledpro.cz\/wp-content\/uploads\/2021\/10\/Alertowanie-1024x685-1.webp\" alt=\"\" class=\"wp-image-1015\" srcset=\"https:\/\/www.soledpro.cz\/wp-content\/uploads\/2021\/10\/Alertowanie-1024x685-1.webp 1024w, https:\/\/www.soledpro.cz\/wp-content\/uploads\/2021\/10\/Alertowanie-1024x685-1-300x201.webp 300w, https:\/\/www.soledpro.cz\/wp-content\/uploads\/2021\/10\/Alertowanie-1024x685-1-768x514.webp 768w\" sizes=\"(max-width: 1024px) 100vw, 1024px\" \/><\/a><\/figure>\n<\/div>\n\n\n\n<div class=\"wp-block-column is-layout-flow wp-block-column-is-layout-flow\">\n<h3 class=\"wp-block-heading\">M\u00f6glichkeit, einen Alarm in Echtzeit auszul\u00f6sen<\/h3>\n\n\n\n<p>Die umfassende Audit- und Verwaltungsumgebung LOG360 ist mit der M\u00f6glichkeit ausgestattet, Administratorwarnungen zu konfigurieren. F\u00fcr jedes vom System erfasste Ereignis kann der Inhalt der Nachricht, die der Administrator erh\u00e4lt, entsprechend definiert werden. Bei einer gro\u00dfen Anzahl von Benachrichtigungen erm\u00f6glicht das System die Erstellung eines Zeitintervalls, in dem nur eine Nachricht\/Benachrichtigung gesendet werden kann.<\/p>\n<\/div>\n<\/div>\n\n\n\n<div style=\"height:64px\" aria-hidden=\"true\" class=\"wp-block-spacer\"><\/div>\n\n\n\n<div class=\"wp-block-columns is-layout-flex wp-container-core-columns-is-layout-28f84493 wp-block-columns-is-layout-flex\">\n<div class=\"wp-block-column is-layout-flow wp-block-column-is-layout-flow\">\n<h3 class=\"wp-block-heading\">Exchange-Zustands\u00fcberwachungsfunktion<\/h3>\n\n\n\n<p>Die komplexe Pr\u00fcfung und Verwaltung der Umgebung bietet die M\u00f6glichkeit, die Aktivit\u00e4ten der Exchange-Umgebung grafisch darzustellen und ihren Gesundheitszustand zu \u00fcberwachen. Das Dashboard zeigt au\u00dferdem die Benutzerpostf\u00e4cher an, die den meisten Speicherplatz beanspruchen, sowie den verbleibenden Speicherplatz auf dem Server.<\/p>\n<\/div>\n\n\n\n<div class=\"wp-block-column is-layout-flow wp-block-column-is-layout-flow\">\n<figure class=\"wp-block-image size-full\"><a href=\"http:\/\/www.soledpro.cz\/wp-content\/uploads\/2021\/10\/Monitorowanie-zdrowia-1024x518-1.webp\"><img loading=\"lazy\" decoding=\"async\" width=\"1024\" height=\"518\" src=\"http:\/\/www.soledpro.cz\/wp-content\/uploads\/2021\/10\/Monitorowanie-zdrowia-1024x518-1.webp\" alt=\"\" class=\"wp-image-1016\" srcset=\"https:\/\/www.soledpro.cz\/wp-content\/uploads\/2021\/10\/Monitorowanie-zdrowia-1024x518-1.webp 1024w, https:\/\/www.soledpro.cz\/wp-content\/uploads\/2021\/10\/Monitorowanie-zdrowia-1024x518-1-300x152.webp 300w, https:\/\/www.soledpro.cz\/wp-content\/uploads\/2021\/10\/Monitorowanie-zdrowia-1024x518-1-768x389.webp 768w\" sizes=\"(max-width: 1024px) 100vw, 1024px\" \/><\/a><\/figure>\n<\/div>\n<\/div>\n\n\n\n<div style=\"height:64px\" aria-hidden=\"true\" class=\"wp-block-spacer\"><\/div>\n\n\n\n<h3 class=\"has-text-align-center wp-block-heading\">Interessiert an LOG360-kompatiblen Systemen?<\/h3>\n\n\n\n<p class=\"has-text-align-center\">Sehen Sie sich das an:<\/p>\n\n\n\n<h4 class=\"has-text-align-center wp-block-heading\">das ActiveDirectory ADAudit Plus Audit-Tool,<\/h4>\n\n\n\n<h4 class=\"has-text-align-center wp-block-heading\">Office365-Verwaltungssystem, M365 Manager Plus,<\/h4>\n\n\n\n<h4 class=\"has-text-align-center wp-block-heading\">EventLog Analyzer-Protokollanalyseprodukt,<\/h4>\n\n\n\n<h4 class=\"has-text-align-center wp-block-heading\">B\u00f6rsen\u00fcberwachungssystem, Exchange Reporter Plus,<\/h4>\n\n\n\n<h4 class=\"has-text-align-center wp-block-heading\">DataSecurity Plus-Software zur \u00dcberwachung von Netzwerkfreigaben,<\/h4>\n\n\n\n<h4 class=\"has-text-align-center wp-block-heading\">ADManager Plus Werkzeug zur Verwaltung von Dom\u00e4nen,<\/h4>\n\n\n\n<h4 class=\"has-text-align-center wp-block-heading\">Cloud Security Plus Cloud-Umgebungsanalysesystem.<\/h4>\n\n\n\n<div style=\"height:100px\" aria-hidden=\"true\" class=\"wp-block-spacer\"><\/div>","protected":false},"excerpt":{"rendered":"<p>LOG360 je komplexn\u00ed \u0159e\u0161en\u00ed typu SIEM, kter\u00e9 umo\u017e\u0148uje anal\u00fdzu ud\u00e1lost\u00ed\/log\u016f z cel\u00e9ho prost\u0159ed\u00ed. Umo\u017e\u0148uje audit server\u016f v cloudu, Microsoft 365, server\u016f Exchange, audit dom\u00e9ny a p\u0159ipojen\u00ed skener\u016f zranitelnost\u00ed a syst\u00e9m\u016f anal\u00fdzy hrozeb. LOG360 shroma\u017e\u010fuje \u00fadaje v re\u00e1ln\u00e9m \u010dase, analyzuje, prov\u00e1d\u00ed korelace a pokud je to nutn\u00e9, aktivuje poplach. Syst\u00e9m je zalo\u017een\u00fd na spojen\u00ed svou aplikac\u00ed [&hellip;]<\/p>","protected":false},"author":1,"featured_media":1012,"parent":708,"menu_order":0,"comment_status":"closed","ping_status":"closed","template":"","meta":{"footnotes":""},"class_list":["post-1011","page","type-page","status-publish","has-post-thumbnail","hentry"],"_links":{"self":[{"href":"https:\/\/www.soledpro.cz\/de\/wp-json\/wp\/v2\/pages\/1011","targetHints":{"allow":["GET"]}}],"collection":[{"href":"https:\/\/www.soledpro.cz\/de\/wp-json\/wp\/v2\/pages"}],"about":[{"href":"https:\/\/www.soledpro.cz\/de\/wp-json\/wp\/v2\/types\/page"}],"author":[{"embeddable":true,"href":"https:\/\/www.soledpro.cz\/de\/wp-json\/wp\/v2\/users\/1"}],"replies":[{"embeddable":true,"href":"https:\/\/www.soledpro.cz\/de\/wp-json\/wp\/v2\/comments?post=1011"}],"version-history":[{"count":1,"href":"https:\/\/www.soledpro.cz\/de\/wp-json\/wp\/v2\/pages\/1011\/revisions"}],"predecessor-version":[{"id":1017,"href":"https:\/\/www.soledpro.cz\/de\/wp-json\/wp\/v2\/pages\/1011\/revisions\/1017"}],"up":[{"embeddable":true,"href":"https:\/\/www.soledpro.cz\/de\/wp-json\/wp\/v2\/pages\/708"}],"wp:featuredmedia":[{"embeddable":true,"href":"https:\/\/www.soledpro.cz\/de\/wp-json\/wp\/v2\/media\/1012"}],"wp:attachment":[{"href":"https:\/\/www.soledpro.cz\/de\/wp-json\/wp\/v2\/media?parent=1011"}],"curies":[{"name":"wp","href":"https:\/\/api.w.org\/{rel}","templated":true}]}}