{"id":1004,"date":"2021-10-31T16:45:29","date_gmt":"2021-10-31T15:45:29","guid":{"rendered":"http:\/\/www.soledpro.cz\/?page_id=1004"},"modified":"2021-10-31T16:45:30","modified_gmt":"2021-10-31T15:45:30","slug":"key-manager-plus","status":"publish","type":"page","link":"https:\/\/www.soledpro.cz\/de\/kyberneticka-bezpecnost\/manage-engine\/produkty-security-it\/key-manager-plus\/","title":{"rendered":"Key Manager Plus"},"content":{"rendered":"<h3 class=\"wp-block-heading\">Key Manager Plus ist eine webbasierte Anwendung, die dabei hilft, den gesamten Lebenszyklus von SSH-Schl\u00fcsseln und SSL-Zertifikaten zu steuern, zu \u00fcberwachen und zu verwalten.<\/h3>\n\n\n\n<p>Es erh\u00f6ht die Sichtbarkeit dieser Elemente und hilft Administratoren bei der Verwaltung aller Schl\u00fcssel und Zertifikate zur Leckkontrolle und Compliance. Dank des Systems sind wir in der Lage, alle SSL-Zertifikate, die in Zukunft ablaufen, effektiv zu \u00fcberwachen und herauszufinden, wann es Zeit ist, sie zu ersetzen. Auf der Ebene der einheitlichen Konsole haben wir einen \u00dcberblick \u00fcber die gesamte Umgebung, wodurch wir beim Wechsel zwischen vielen anderen Systemen Zeit sparen. Key Manager Plus ist ein Tool, das die Arbeit jedes Administrators rationalisiert und eine effizientere Verwaltung der Umgebung erm\u00f6glicht.<\/p>\n\n\n\n<div style=\"height:64px\" aria-hidden=\"true\" class=\"wp-block-spacer\"><\/div>\n\n\n\n<h2 class=\"wp-block-heading\">VORTEILE<\/h2>\n\n\n\n<ul class=\"wp-block-list\"><li>zentrales Repository f\u00fcr SSH-Schl\u00fcssel und -Zertifikate<\/li><li>Benachrichtigung \u00fcber Ablaufdaten von Zertifikaten<\/li><li>Schutz vor unerw\u00fcnschtem Zugriff auf die Umwelt<\/li><li>MS Certificate Store<\/li><li>Bereitstellung von SSH-Schl\u00fcsseln<\/li><li>Verwaltung und \u00dcberwachung von Active Directory-Benutzerzertifikaten<\/li><\/ul>\n\n\n\n<div style=\"height:64px\" aria-hidden=\"true\" class=\"wp-block-spacer\"><\/div>\n\n\n\n<h2 class=\"wp-block-heading\">MERKMALE<\/h2>\n\n\n\n<div class=\"wp-block-columns is-layout-flex wp-container-core-columns-is-layout-28f84493 wp-block-columns-is-layout-flex\">\n<div class=\"wp-block-column is-layout-flow wp-block-column-is-layout-flow\">\n<h3 class=\"wp-block-heading\">Suchen Sie ganz einfach im gesamten Netzwerk nach SSL-Zertifikaten<\/h3>\n\n\n\n<p>Das System ist in der Lage, alle SSL-Zertifikate in der Umgebung zusammen mit Informationen dar\u00fcber, wie Ablauf oder Zuweisung, zu erkennen. Bevor ein bestimmtes Zertifikat abl\u00e4uft, wird der Administrator benachrichtigt, um Ma\u00dfnahmen zur Aufrechterhaltung der Gesch\u00e4ftskontinuit\u00e4t zu ergreifen.<\/p>\n<\/div>\n\n\n\n<div class=\"wp-block-column is-layout-flow wp-block-column-is-layout-flow\">\n<figure class=\"wp-block-image size-full\"><a href=\"http:\/\/www.soledpro.cz\/wp-content\/uploads\/2021\/10\/Certyfikaty-SSL-1-1024x430-1.webp\"><img fetchpriority=\"high\" decoding=\"async\" width=\"1024\" height=\"430\" src=\"http:\/\/www.soledpro.cz\/wp-content\/uploads\/2021\/10\/Certyfikaty-SSL-1-1024x430-1.webp\" alt=\"\" class=\"wp-image-1005\" srcset=\"https:\/\/www.soledpro.cz\/wp-content\/uploads\/2021\/10\/Certyfikaty-SSL-1-1024x430-1.webp 1024w, https:\/\/www.soledpro.cz\/wp-content\/uploads\/2021\/10\/Certyfikaty-SSL-1-1024x430-1-300x126.webp 300w, https:\/\/www.soledpro.cz\/wp-content\/uploads\/2021\/10\/Certyfikaty-SSL-1-1024x430-1-768x323.webp 768w\" sizes=\"(max-width: 1024px) 100vw, 1024px\" \/><\/a><\/figure>\n<\/div>\n<\/div>\n\n\n\n<div style=\"height:64px\" aria-hidden=\"true\" class=\"wp-block-spacer\"><\/div>\n\n\n\n<div class=\"wp-block-columns is-layout-flex wp-container-core-columns-is-layout-28f84493 wp-block-columns-is-layout-flex\">\n<div class=\"wp-block-column is-layout-flow wp-block-column-is-layout-flow\">\n<figure class=\"wp-block-image size-full\"><a href=\"http:\/\/www.soledpro.cz\/wp-content\/uploads\/2021\/10\/Zarzadzanie-certyfikatami-1024x488-1.webp\"><img decoding=\"async\" width=\"1024\" height=\"488\" src=\"http:\/\/www.soledpro.cz\/wp-content\/uploads\/2021\/10\/Zarzadzanie-certyfikatami-1024x488-1.webp\" alt=\"\" class=\"wp-image-1006\" srcset=\"https:\/\/www.soledpro.cz\/wp-content\/uploads\/2021\/10\/Zarzadzanie-certyfikatami-1024x488-1.webp 1024w, https:\/\/www.soledpro.cz\/wp-content\/uploads\/2021\/10\/Zarzadzanie-certyfikatami-1024x488-1-300x143.webp 300w, https:\/\/www.soledpro.cz\/wp-content\/uploads\/2021\/10\/Zarzadzanie-certyfikatami-1024x488-1-768x366.webp 768w\" sizes=\"(max-width: 1024px) 100vw, 1024px\" \/><\/a><\/figure>\n<\/div>\n\n\n\n<div class=\"wp-block-column is-layout-flow wp-block-column-is-layout-flow\">\n<h3 class=\"wp-block-heading\">M\u00f6glichkeit zur Verwaltung von Zertifikaten<\/h3>\n\n\n\n<p>Verwaltung von SSH-Schl\u00fcsseln und SSL-Zertifikaten Key Manager Plus hat direkten Zugriff auf die Verwaltung von Zertifikaten im MS Certificate Store und Benutzerzertifikaten. Das System erm\u00f6glicht die Suche und das Hinzuf\u00fcgen neuer Zertifikate \u00fcber eine Internetkonsole.<\/p>\n<\/div>\n<\/div>\n\n\n\n<div style=\"height:64px\" aria-hidden=\"true\" class=\"wp-block-spacer\"><\/div>\n\n\n\n<div class=\"wp-block-columns is-layout-flex wp-container-core-columns-is-layout-28f84493 wp-block-columns-is-layout-flex\">\n<div class=\"wp-block-column is-layout-flow wp-block-column-is-layout-flow\">\n<h3 class=\"wp-block-heading\">Suchfunktion f\u00fcr Netzwerk-SSH-Schl\u00fcssel<\/h3>\n\n\n\n<p>Das System erm\u00f6glicht Netzwerkscans zur Erkennung von SSH-Schl\u00fcsseln und deren anschlie\u00dfende Verwaltung. Key Manager Plus zeigt au\u00dferdem die IP-Adressen oder DNS-Namen und den Zeitpunkt an, zu dem die angegebenen SSH-Schl\u00fcssel erstellt wurden und welchen Servern sie zugewiesen wurden.<\/p>\n<\/div>\n\n\n\n<div class=\"wp-block-column is-layout-flow wp-block-column-is-layout-flow\">\n<figure class=\"wp-block-image size-full\"><a href=\"http:\/\/www.soledpro.cz\/wp-content\/uploads\/2021\/10\/Wyszukiwanie-kluczy-SSH-1024x428-1.webp\"><img decoding=\"async\" width=\"1024\" height=\"428\" src=\"http:\/\/www.soledpro.cz\/wp-content\/uploads\/2021\/10\/Wyszukiwanie-kluczy-SSH-1024x428-1.webp\" alt=\"\" class=\"wp-image-1007\" srcset=\"https:\/\/www.soledpro.cz\/wp-content\/uploads\/2021\/10\/Wyszukiwanie-kluczy-SSH-1024x428-1.webp 1024w, https:\/\/www.soledpro.cz\/wp-content\/uploads\/2021\/10\/Wyszukiwanie-kluczy-SSH-1024x428-1-300x125.webp 300w, https:\/\/www.soledpro.cz\/wp-content\/uploads\/2021\/10\/Wyszukiwanie-kluczy-SSH-1024x428-1-768x321.webp 768w\" sizes=\"(max-width: 1024px) 100vw, 1024px\" \/><\/a><\/figure>\n<\/div>\n<\/div>\n\n\n\n<div style=\"height:64px\" aria-hidden=\"true\" class=\"wp-block-spacer\"><\/div>\n\n\n\n<div class=\"wp-block-columns is-layout-flex wp-container-core-columns-is-layout-28f84493 wp-block-columns-is-layout-flex\">\n<div class=\"wp-block-column is-layout-flow wp-block-column-is-layout-flow\">\n<figure class=\"wp-block-image size-full\"><a href=\"http:\/\/www.soledpro.cz\/wp-content\/uploads\/2021\/10\/Przechowywanie-wszystkich-elementow-1024x481-1.webp\"><img loading=\"lazy\" decoding=\"async\" width=\"1024\" height=\"481\" src=\"http:\/\/www.soledpro.cz\/wp-content\/uploads\/2021\/10\/Przechowywanie-wszystkich-elementow-1024x481-1.webp\" alt=\"\" class=\"wp-image-1008\" srcset=\"https:\/\/www.soledpro.cz\/wp-content\/uploads\/2021\/10\/Przechowywanie-wszystkich-elementow-1024x481-1.webp 1024w, https:\/\/www.soledpro.cz\/wp-content\/uploads\/2021\/10\/Przechowywanie-wszystkich-elementow-1024x481-1-300x141.webp 300w, https:\/\/www.soledpro.cz\/wp-content\/uploads\/2021\/10\/Przechowywanie-wszystkich-elementow-1024x481-1-768x361.webp 768w\" sizes=\"(max-width: 1024px) 100vw, 1024px\" \/><\/a><\/figure>\n<\/div>\n\n\n\n<div class=\"wp-block-column is-layout-flow wp-block-column-is-layout-flow\">\n<h3 class=\"wp-block-heading\">Option zum Speichern aller Elemente in einer Datenbank<\/h3>\n\n\n\n<p>Die Software dient als zentrales Repository f\u00fcr SSH-Schl\u00fcssel und SSL-Zertifikate. Das System verf\u00fcgt \u00fcber eine AES-256-Verschl\u00fcsselung, um die Sicherheit zu gew\u00e4hrleisten und den Zugriff unbefugter Personen auf Datenquellen zu verhindern.<\/p>\n<\/div>\n<\/div>\n\n\n\n<div style=\"height:64px\" aria-hidden=\"true\" class=\"wp-block-spacer\"><\/div>\n\n\n\n<div class=\"wp-block-columns is-layout-flex wp-container-core-columns-is-layout-28f84493 wp-block-columns-is-layout-flex\">\n<div class=\"wp-block-column is-layout-flow wp-block-column-is-layout-flow\">\n<h3 class=\"wp-block-heading\">Option zum Konfigurieren der Schl\u00fcsselrotation<\/h3>\n\n\n\n<p>Das System erm\u00f6glicht die Rotation von SSH-Schl\u00fcsseln nach einer bestimmten Zeitspanne, um unbefugten Zugriff von au\u00dfen zu verhindern. Der Systemadministrator kann per E-Mail-Benachrichtigung \u00fcber die Durchf\u00fchrung der Rotation informiert werden.<\/p>\n<\/div>\n\n\n\n<div class=\"wp-block-column is-layout-flow wp-block-column-is-layout-flow\">\n<figure class=\"wp-block-image size-full\"><a href=\"http:\/\/www.soledpro.cz\/wp-content\/uploads\/2021\/10\/Rotacja-kluczy-1024x493-1.webp\"><img loading=\"lazy\" decoding=\"async\" width=\"1024\" height=\"493\" src=\"http:\/\/www.soledpro.cz\/wp-content\/uploads\/2021\/10\/Rotacja-kluczy-1024x493-1.webp\" alt=\"\" class=\"wp-image-1009\" srcset=\"https:\/\/www.soledpro.cz\/wp-content\/uploads\/2021\/10\/Rotacja-kluczy-1024x493-1.webp 1024w, https:\/\/www.soledpro.cz\/wp-content\/uploads\/2021\/10\/Rotacja-kluczy-1024x493-1-300x144.webp 300w, https:\/\/www.soledpro.cz\/wp-content\/uploads\/2021\/10\/Rotacja-kluczy-1024x493-1-768x370.webp 768w\" sizes=\"(max-width: 1024px) 100vw, 1024px\" \/><\/a><\/figure>\n<\/div>\n<\/div>\n\n\n\n<div style=\"height:64px\" aria-hidden=\"true\" class=\"wp-block-spacer\"><\/div>\n\n\n\n<h3 class=\"has-text-align-center wp-block-heading\">Interessiert an Systemen, die mit Key Manager Plus kompatibel sind?<\/h3>\n\n\n\n<p class=\"has-text-align-center\">Schauen Sie sich Password Manager Pro f\u00fcr privilegierte Passw\u00f6rter an.<\/p>\n\n\n\n<div style=\"height:100px\" aria-hidden=\"true\" class=\"wp-block-spacer\"><\/div>","protected":false},"excerpt":{"rendered":"<p>Key Manager Plus je webov\u00e1 aplikace, kter\u00e1 pom\u00e1h\u00e1 s kontrolov\u00e1n\u00edm, monitorov\u00e1n\u00edm a spr\u00e1vou cel\u00e9ho \u017eivotn\u00edho cyklu kl\u00ed\u010d\u016f SSH a certifik\u00e1t\u016f SSL. Zvy\u0161uje viditelnost t\u011bchto prvk\u016f a pom\u00e1h\u00e1 spr\u00e1vc\u016fm \u0159\u00eddit v\u0161echny kl\u00ed\u010de a certifik\u00e1ty z hlediska kontroly \u00fanik\u016f a dodr\u017een\u00ed p\u0159edpis\u016f. D\u00edky syst\u00e9mu jsme schopni efektivn\u011b monitorovat ve\u0161ker\u00e9 certifik\u00e1ty SSL kter\u00e9 v budoucnu vypr\u0161\u00ed, a zjistit, [&hellip;]<\/p>","protected":false},"author":1,"featured_media":1005,"parent":708,"menu_order":0,"comment_status":"closed","ping_status":"closed","template":"","meta":{"footnotes":""},"class_list":["post-1004","page","type-page","status-publish","has-post-thumbnail","hentry"],"_links":{"self":[{"href":"https:\/\/www.soledpro.cz\/de\/wp-json\/wp\/v2\/pages\/1004","targetHints":{"allow":["GET"]}}],"collection":[{"href":"https:\/\/www.soledpro.cz\/de\/wp-json\/wp\/v2\/pages"}],"about":[{"href":"https:\/\/www.soledpro.cz\/de\/wp-json\/wp\/v2\/types\/page"}],"author":[{"embeddable":true,"href":"https:\/\/www.soledpro.cz\/de\/wp-json\/wp\/v2\/users\/1"}],"replies":[{"embeddable":true,"href":"https:\/\/www.soledpro.cz\/de\/wp-json\/wp\/v2\/comments?post=1004"}],"version-history":[{"count":1,"href":"https:\/\/www.soledpro.cz\/de\/wp-json\/wp\/v2\/pages\/1004\/revisions"}],"predecessor-version":[{"id":1010,"href":"https:\/\/www.soledpro.cz\/de\/wp-json\/wp\/v2\/pages\/1004\/revisions\/1010"}],"up":[{"embeddable":true,"href":"https:\/\/www.soledpro.cz\/de\/wp-json\/wp\/v2\/pages\/708"}],"wp:featuredmedia":[{"embeddable":true,"href":"https:\/\/www.soledpro.cz\/de\/wp-json\/wp\/v2\/media\/1005"}],"wp:attachment":[{"href":"https:\/\/www.soledpro.cz\/de\/wp-json\/wp\/v2\/media?parent=1004"}],"curies":[{"name":"wp","href":"https:\/\/api.w.org\/{rel}","templated":true}]}}